{"id":851,"date":"2019-06-26T15:36:16","date_gmt":"2019-06-26T13:36:16","guid":{"rendered":"https:\/\/laboratoire-microsept.fr\/?page_id=851"},"modified":"2023-03-10T12:02:27","modified_gmt":"2023-03-10T11:02:27","slug":"conseil","status":"publish","type":"page","link":"https:\/\/laboratoire-microsept.fr\/index.php\/conseil\/","title":{"rendered":"Conseil"},"content":{"rendered":"<p><div class=\"fusion-fullwidth fullwidth-box fusion-builder-row-1 nonhundred-percent-fullwidth non-hundred-percent-height-scrolling\" style=\"--awb-border-radius-top-left:0px;--awb-border-radius-top-right:0px;--awb-border-radius-bottom-right:0px;--awb-border-radius-bottom-left:0px;--awb-padding-right:15%;--awb-padding-left:15%;--awb-flex-wrap:wrap;\" ><div class=\"fusion-builder-row fusion-row\"><div class=\"fusion-layout-column fusion_builder_column fusion-builder-column-0 fusion_builder_column_1_1 1_1 fusion-one-full fusion-column-first fusion-column-last\" style=\"--awb-bg-size:cover;\"><div class=\"fusion-column-wrapper fusion-column-has-shadow fusion-flex-column-wrapper-legacy\"><div class=\"fusion-title title fusion-title-1 fusion-title-center fusion-title-text fusion-title-size-two\" style=\"--awb-text-color:#595959;--awb-margin-top-small:0px;--awb-margin-right-small:0px;--awb-margin-bottom-small:20px;--awb-margin-left-small:0px;--awb-sep-color:#595959;--awb-font-size:34px;\"><div class=\"title-sep-container title-sep-container-left\"><div class=\"title-sep sep-single sep-solid\" style=\"border-color:#595959;\"><\/div><\/div><span class=\"awb-title-spacer\"><\/span><h2 class=\"fusion-title-heading title-heading-center\" style=\"margin:0;font-size:1em;\">Hygi\u00e8ne et s\u00e9curit\u00e9<\/h2><span class=\"awb-title-spacer\"><\/span><div class=\"title-sep-container title-sep-container-right\"><div class=\"title-sep sep-single sep-solid\" style=\"border-color:#595959;\"><\/div><\/div><\/div><div class=\"fusion-tabs fusion-tabs-1 classic nav-is-justified horizontal-tabs icon-position-left mobile-mode-accordion\" style=\"--awb-title-border-radius-top-left:0px;--awb-title-border-radius-top-right:0px;--awb-title-border-radius-bottom-right:0px;--awb-title-border-radius-bottom-left:0px;--awb-inactive-color:rgba(146,212,208,0.6);--awb-background-color:#ffffff;--awb-border-color:#ebeaea;--awb-active-border-color:#ff9800;\"><div class=\"nav\"><ul class=\"nav-tabs nav-justified\" role=\"tablist\" aria-orientation=\"horizontal\"><li class=\"active\" role=\"presentation\"><a class=\"tab-link\" data-toggle=\"tab\" role=\"tab\" aria-controls=\"tab-10eed461507457c1f68\" aria-selected=\"true\" tabindex=\"0\" id=\"fusion-tab-10eed461507457c1f68\" href=\"#tab-10eed461507457c1f68\"><h4 class=\"fusion-tab-heading\">Dossier agr\u00e9ment sanitaire<\/h4><\/a><\/li><li  role=\"presentation\"><a class=\"tab-link\" data-toggle=\"tab\" role=\"tab\" aria-controls=\"tab-e979ef4d3b3cf28656b\" aria-selected=\"false\" tabindex=\"-1\" id=\"fusion-tab-e979ef4d3b3cf28656b\" href=\"#tab-e979ef4d3b3cf28656b\"><h4 class=\"fusion-tab-heading\">Mise en place du plan de ma\u00eetrise sanitaire (PMS)<\/h4><\/a><\/li><li  role=\"presentation\"><a class=\"tab-link\" data-toggle=\"tab\" role=\"tab\" aria-controls=\"tab-718ebe8ee27fb2f0854\" aria-selected=\"false\" tabindex=\"-1\" id=\"fusion-tab-718ebe8ee27fb2f0854\" href=\"#tab-718ebe8ee27fb2f0854\"><h4 class=\"fusion-tab-heading\">Accompagnement vers la certification (IFS, BRCGS, FSSC 22000, ...)<\/h4><\/a><\/li><\/ul><\/div><div class=\"tab-content\"><div class=\"nav fusion-mobile-tab-nav\"><ul class=\"nav-tabs nav-justified\" role=\"tablist\" aria-orientation=\"horizontal\"><li class=\"active\" role=\"presentation\"><a class=\"tab-link\" data-toggle=\"tab\" role=\"tab\" aria-controls=\"tab-10eed461507457c1f68\" aria-selected=\"true\" tabindex=\"0\" id=\"mobile-fusion-tab-10eed461507457c1f68\" href=\"#tab-10eed461507457c1f68\"><h4 class=\"fusion-tab-heading\">Dossier agr\u00e9ment sanitaire<\/h4><\/a><\/li><\/ul><\/div><div class=\"tab-pane fade fusion-clearfix in active\" role=\"tabpanel\" tabindex=\"0\" aria-labelledby=\"fusion-tab-10eed461507457c1f68\" id=\"tab-10eed461507457c1f68\">\n<p><strong>R\u00e9f : PC.A.01<\/strong><\/p>\n<p><span style=\"color: #92d4d0;\">Dossier exig\u00e9 par la DDPP, selon votre activit\u00e9.<\/span><\/p>\n<p><img decoding=\"async\" class=\" wp-image-16016 alignright\" src=\"https:\/\/laboratoire-microsept.fr\/wp-content\/uploads\/2023\/03\/VISIO-CONSEIL.png\" alt=\"\" width=\"157\" height=\"104\" srcset=\"https:\/\/laboratoire-microsept.fr\/wp-content\/uploads\/2023\/03\/VISIO-CONSEIL-200x133.png 200w, https:\/\/laboratoire-microsept.fr\/wp-content\/uploads\/2023\/03\/VISIO-CONSEIL-300x200.png 300w, https:\/\/laboratoire-microsept.fr\/wp-content\/uploads\/2023\/03\/VISIO-CONSEIL-400x267.png 400w, https:\/\/laboratoire-microsept.fr\/wp-content\/uploads\/2023\/03\/VISIO-CONSEIL.png 463w\" sizes=\"(max-width: 157px) 100vw, 157px\" \/><\/p>\n<ul>\n<li>Evaluation au pr\u00e9alable\u00a0<\/li>\n<li>D\u00e9finition du contenu de la prestation<\/li>\n<li>\u00c9laboration d\u2019un planning d\u2019interventions<\/li>\n<li>Mise en place du dossier sur des journ\u00e9es ou 1\/2 journ\u00e9es<\/li>\n<\/ul>\n<div class=\"fusion-button-wrapper fusion-alignleft\"><a class=\"fusion-button button-flat fusion-button-default-size button-custom fusion-button-default button-1 fusion-button-default-span fusion-button-default-type\" style=\"--button_accent_color:#000000;--button_accent_hover_color:#ffffff;--button_border_hover_color:#ffffff;--button_border_width-top:0;--button_border_width-right:0;--button_border_width-bottom:0;--button_border_width-left:0;--button_gradient_top_color:#f7f7f7;--button_gradient_bottom_color:#f7f7f7;--button_gradient_top_color_hover:#92d4d0;--button_gradient_bottom_color_hover:#92d4d0;--button_text_transform:none;\" target=\"_self\" href=\"https:\/\/laboratoire-microsept.fr\/index.php\/nous-contacter\/\"><span class=\"fusion-button-text awb-button__text awb-button__text--default\">Contactez-nous <\/span><\/a><\/div>\n<\/div><div class=\"nav fusion-mobile-tab-nav\"><ul class=\"nav-tabs nav-justified\" role=\"tablist\" aria-orientation=\"horizontal\"><li  role=\"presentation\"><a class=\"tab-link\" data-toggle=\"tab\" role=\"tab\" aria-controls=\"tab-e979ef4d3b3cf28656b\" aria-selected=\"false\" tabindex=\"-1\" id=\"mobile-fusion-tab-e979ef4d3b3cf28656b\" href=\"#tab-e979ef4d3b3cf28656b\"><h4 class=\"fusion-tab-heading\">Mise en place du plan de ma\u00eetrise sanitaire (PMS)<\/h4><\/a><\/li><\/ul><\/div><div class=\"tab-pane fade fusion-clearfix\" role=\"tabpanel\" tabindex=\"0\" aria-labelledby=\"fusion-tab-e979ef4d3b3cf28656b\" id=\"tab-e979ef4d3b3cf28656b\">\n<p><strong>R\u00e9f : PC.A.02<\/strong><\/p>\n<p><span style=\"color: #92d4d0;\"><strong>Objectif<\/strong> : Pour les \u00e9tablissements alimentaires, constituer votre PMS selon le \u00ab paquet hygi\u00e8ne \u00bb.<\/span><\/p>\n<p><span style=\"color: #92d4d0;\"> <img decoding=\"async\" class=\" wp-image-16016 alignright\" src=\"https:\/\/laboratoire-microsept.fr\/wp-content\/uploads\/2023\/03\/VISIO-CONSEIL.png\" alt=\"\" width=\"167\" height=\"111\" srcset=\"https:\/\/laboratoire-microsept.fr\/wp-content\/uploads\/2023\/03\/VISIO-CONSEIL-200x133.png 200w, https:\/\/laboratoire-microsept.fr\/wp-content\/uploads\/2023\/03\/VISIO-CONSEIL-300x200.png 300w, https:\/\/laboratoire-microsept.fr\/wp-content\/uploads\/2023\/03\/VISIO-CONSEIL-400x267.png 400w, https:\/\/laboratoire-microsept.fr\/wp-content\/uploads\/2023\/03\/VISIO-CONSEIL.png 463w\" sizes=\"(max-width: 167px) 100vw, 167px\" \/><\/span><\/p>\n<ul>\n<li>Evaluation au pr\u00e9alable<\/li>\n<li>D\u00e9finition du contenu de la prestation<\/li>\n<li>\u00c9laboration d\u2019un planning des actions<\/li>\n<li>Assistance\/conseil sur des journ\u00e9es ou 1\/2 journ\u00e9es<\/li>\n<li>Fourniture de mod\u00e8les de documents<\/li>\n<li>Suivi des interventions d&rsquo;accompagnement<\/li>\n<\/ul>\n<div class=\"fusion-button-wrapper fusion-alignleft\"><a class=\"fusion-button button-flat fusion-button-default-size button-custom fusion-button-default button-2 fusion-button-default-span fusion-button-default-type\" style=\"--button_accent_color:#000000;--button_accent_hover_color:#ffffff;--button_border_hover_color:#ffffff;--button_border_width-top:0;--button_border_width-right:0;--button_border_width-bottom:0;--button_border_width-left:0;--button_gradient_top_color:#f7f7f7;--button_gradient_bottom_color:#f7f7f7;--button_gradient_top_color_hover:#92d4d0;--button_gradient_bottom_color_hover:#92d4d0;--button_text_transform:none;\" target=\"_self\" href=\"https:\/\/laboratoire-microsept.fr\/index.php\/nous-contacter\/\"><span class=\"fusion-button-text awb-button__text awb-button__text--default\">Contactez-nous <\/span><\/a><\/div>\n<\/div><div class=\"nav fusion-mobile-tab-nav\"><ul class=\"nav-tabs nav-justified\" role=\"tablist\" aria-orientation=\"horizontal\"><li  role=\"presentation\"><a class=\"tab-link\" data-toggle=\"tab\" role=\"tab\" aria-controls=\"tab-718ebe8ee27fb2f0854\" aria-selected=\"false\" tabindex=\"-1\" id=\"mobile-fusion-tab-718ebe8ee27fb2f0854\" href=\"#tab-718ebe8ee27fb2f0854\"><h4 class=\"fusion-tab-heading\">Accompagnement vers la certification (IFS, BRCGS, FSSC 22000, ...)<\/h4><\/a><\/li><\/ul><\/div><div class=\"tab-pane fade fusion-clearfix\" role=\"tabpanel\" tabindex=\"0\" aria-labelledby=\"fusion-tab-718ebe8ee27fb2f0854\" id=\"tab-718ebe8ee27fb2f0854\">\n<p><strong>R\u00e9f : PC.A.03<\/strong><\/p>\n<p><span style=\"color: #92d4d0;\"><strong>Objectif<\/strong> : Vous souhaitez vous engager dans une d\u00e9marche de certification.<\/span><\/p>\n<p><img decoding=\"async\" class=\" wp-image-16016 alignright\" src=\"https:\/\/laboratoire-microsept.fr\/wp-content\/uploads\/2023\/03\/VISIO-CONSEIL.png\" alt=\"\" width=\"151\" height=\"100\" srcset=\"https:\/\/laboratoire-microsept.fr\/wp-content\/uploads\/2023\/03\/VISIO-CONSEIL-200x133.png 200w, https:\/\/laboratoire-microsept.fr\/wp-content\/uploads\/2023\/03\/VISIO-CONSEIL-300x200.png 300w, https:\/\/laboratoire-microsept.fr\/wp-content\/uploads\/2023\/03\/VISIO-CONSEIL-400x267.png 400w, https:\/\/laboratoire-microsept.fr\/wp-content\/uploads\/2023\/03\/VISIO-CONSEIL.png 463w\" sizes=\"(max-width: 151px) 100vw, 151px\" \/><\/p>\n<ul>\n<li>Accompagnement r\u00e9alis\u00e9 par un consultant expert<\/li>\n<li>Ma\u00eetrise des exigences des r\u00e9f\u00e9rentiels<\/li>\n<li>Apport de solutions pragmatiques en tenant compte de toutes vos contraintes<\/li>\n<\/ul>\n<div class=\"fusion-button-wrapper fusion-alignleft\"><a class=\"fusion-button button-flat fusion-button-default-size button-custom fusion-button-default button-3 fusion-button-default-span fusion-button-default-type\" style=\"--button_accent_color:#000000;--button_accent_hover_color:#ffffff;--button_border_hover_color:#ffffff;--button_border_width-top:0;--button_border_width-right:0;--button_border_width-bottom:0;--button_border_width-left:0;--button_gradient_top_color:#f7f7f7;--button_gradient_bottom_color:#f7f7f7;--button_gradient_top_color_hover:#92d4d0;--button_gradient_bottom_color_hover:#92d4d0;--button_text_transform:none;\" target=\"_self\" href=\"https:\/\/laboratoire-microsept.fr\/index.php\/nous-contacter\/\"><span class=\"fusion-button-text awb-button__text awb-button__text--default\">Contactez-nous <\/span><\/a><\/div>\n<\/div><\/div><\/div><div class=\"fusion-clearfix\"><\/div><\/div><\/div><\/div><\/div><div class=\"fusion-fullwidth fullwidth-box fusion-builder-row-2 nonhundred-percent-fullwidth non-hundred-percent-height-scrolling\" style=\"--awb-border-radius-top-left:0px;--awb-border-radius-top-right:0px;--awb-border-radius-bottom-right:0px;--awb-border-radius-bottom-left:0px;--awb-padding-right:15%;--awb-padding-left:15%;--awb-flex-wrap:wrap;\" ><div class=\"fusion-builder-row fusion-row\"><div class=\"fusion-layout-column fusion_builder_column fusion-builder-column-1 fusion_builder_column_1_1 1_1 fusion-one-full fusion-column-first fusion-column-last\" style=\"--awb-bg-size:cover;\"><div class=\"fusion-column-wrapper fusion-column-has-shadow fusion-flex-column-wrapper-legacy\"><div class=\"fusion-title title fusion-title-2 fusion-title-center fusion-title-text fusion-title-size-two\" style=\"--awb-text-color:#595959;--awb-margin-top-small:0px;--awb-margin-right-small:0px;--awb-margin-bottom-small:20px;--awb-margin-left-small:0px;--awb-sep-color:#595959;--awb-font-size:34px;\"><div class=\"title-sep-container title-sep-container-left\"><div class=\"title-sep sep-single sep-solid\" style=\"border-color:#595959;\"><\/div><\/div><span class=\"awb-title-spacer\"><\/span><h2 class=\"fusion-title-heading title-heading-center\" style=\"margin:0;font-size:1em;\">Qualit\u00e9 et performance<\/h2><span class=\"awb-title-spacer\"><\/span><div class=\"title-sep-container title-sep-container-right\"><div class=\"title-sep sep-single sep-solid\" style=\"border-color:#595959;\"><\/div><\/div><\/div><div class=\"fusion-clearfix\"><\/div><\/div><\/div><\/div><\/div><div class=\"fusion-fullwidth fullwidth-box fusion-builder-row-3 nonhundred-percent-fullwidth non-hundred-percent-height-scrolling\" style=\"--awb-border-radius-top-left:0px;--awb-border-radius-top-right:0px;--awb-border-radius-bottom-right:0px;--awb-border-radius-bottom-left:0px;--awb-padding-right:15%;--awb-padding-left:15%;--awb-flex-wrap:wrap;\" ><div class=\"fusion-builder-row fusion-row\"><div class=\"fusion-layout-column fusion_builder_column fusion-builder-column-2 fusion_builder_column_1_1 1_1 fusion-one-full fusion-column-first fusion-column-last\" style=\"--awb-bg-size:cover;\"><div class=\"fusion-column-wrapper fusion-column-has-shadow fusion-flex-column-wrapper-legacy\"><div class=\"fusion-tabs fusion-tabs-2 classic nav-is-justified horizontal-tabs icon-position-left mobile-mode-accordion\" style=\"--awb-title-border-radius-top-left:0px;--awb-title-border-radius-top-right:0px;--awb-title-border-radius-bottom-right:0px;--awb-title-border-radius-bottom-left:0px;--awb-inactive-color:rgba(146,212,208,0.6);--awb-background-color:#ffffff;--awb-border-color:#ebeaea;--awb-active-border-color:#ff9800;\"><div class=\"nav\"><ul class=\"nav-tabs nav-justified\" role=\"tablist\" aria-orientation=\"horizontal\"><li class=\"active\" role=\"presentation\"><a class=\"tab-link\" data-toggle=\"tab\" role=\"tab\" aria-controls=\"tab-969a921d26ecb37edc1\" aria-selected=\"true\" tabindex=\"0\" id=\"fusion-tab-969a921d26ecb37edc1\" href=\"#tab-969a921d26ecb37edc1\"><h4 class=\"fusion-tab-heading\">Accompagnement mise sous assurance qualit\u00e9 selon ISO 17025<\/h4><\/a><\/li><li  role=\"presentation\"><a class=\"tab-link\" data-toggle=\"tab\" role=\"tab\" aria-controls=\"tab-ee12d433d3c503ea8c1\" aria-selected=\"false\" tabindex=\"-1\" id=\"fusion-tab-ee12d433d3c503ea8c1\" href=\"#tab-ee12d433d3c503ea8c1\"><h4 class=\"fusion-tab-heading\">Conseil sur plan laboratoire <\/h4><\/a><\/li><\/ul><\/div><div class=\"tab-content\"><div class=\"nav fusion-mobile-tab-nav\"><ul class=\"nav-tabs nav-justified\" role=\"tablist\" aria-orientation=\"horizontal\"><li class=\"active\" role=\"presentation\"><a class=\"tab-link\" data-toggle=\"tab\" role=\"tab\" aria-controls=\"tab-969a921d26ecb37edc1\" aria-selected=\"true\" tabindex=\"0\" id=\"mobile-fusion-tab-969a921d26ecb37edc1\" href=\"#tab-969a921d26ecb37edc1\"><h4 class=\"fusion-tab-heading\">Accompagnement mise sous assurance qualit\u00e9 selon ISO 17025<\/h4><\/a><\/li><\/ul><\/div><div class=\"tab-pane fade fusion-clearfix in active\" role=\"tabpanel\" tabindex=\"0\" aria-labelledby=\"fusion-tab-969a921d26ecb37edc1\" id=\"tab-969a921d26ecb37edc1\">\n<p><strong>R\u00e9f : PC.L.02<\/strong><\/p>\n<p><span style=\"color: #92d4d0;\"><strong>Objectif<\/strong> : Mettre en oeuvre l\u2019assurance qualit\u00e9<\/span><\/p>\n<p>Vous disposez d\u2019un laboratoire dans votre \u00e9tablissement et souhaitez le mettre sous assurance qualit\u00e9 selon la norme NF EN ISO \/CEI 17025.<\/p>\n<div class=\"fusion-button-wrapper fusion-alignleft\"><a class=\"fusion-button button-flat fusion-button-default-size button-custom fusion-button-default button-4 fusion-button-default-span fusion-button-default-type\" style=\"--button_accent_color:#000000;--button_accent_hover_color:#ffffff;--button_border_hover_color:#ffffff;--button_border_width-top:0;--button_border_width-right:0;--button_border_width-bottom:0;--button_border_width-left:0;--button_gradient_top_color:#f7f7f7;--button_gradient_bottom_color:#f7f7f7;--button_gradient_top_color_hover:#92d4d0;--button_gradient_bottom_color_hover:#92d4d0;--button_text_transform:none;\" target=\"_self\" href=\"https:\/\/laboratoire-microsept.fr\/index.php\/nous-contacter\/\"><span class=\"fusion-button-text awb-button__text awb-button__text--default\">Contactez-nous <\/span><\/a><\/div>\n<\/div><div class=\"nav fusion-mobile-tab-nav\"><ul class=\"nav-tabs nav-justified\" role=\"tablist\" aria-orientation=\"horizontal\"><li  role=\"presentation\"><a class=\"tab-link\" data-toggle=\"tab\" role=\"tab\" aria-controls=\"tab-ee12d433d3c503ea8c1\" aria-selected=\"false\" tabindex=\"-1\" id=\"mobile-fusion-tab-ee12d433d3c503ea8c1\" href=\"#tab-ee12d433d3c503ea8c1\"><h4 class=\"fusion-tab-heading\">Conseil sur plan laboratoire <\/h4><\/a><\/li><\/ul><\/div><div class=\"tab-pane fade fusion-clearfix\" role=\"tabpanel\" tabindex=\"0\" aria-labelledby=\"fusion-tab-ee12d433d3c503ea8c1\" id=\"tab-ee12d433d3c503ea8c1\">\n<p><strong>R\u00e9f : PC.L.03<\/strong><\/p>\n<p><span style=\"color: #92d4d0;\"><strong>Objectif<\/strong> : S&rsquo;assurer d&rsquo;une bonne conception\u00a0<\/span><\/p>\n<ul>\n<li>Vous souhaitez am\u00e9nager un laboratoire existant ou bien cr\u00e9er un nouveau laboratoire d&rsquo;analyses microbiologiques.<\/li>\n<li>Munissez-vous d&rsquo;une approche compl\u00e8te des risques en s&rsquo;appuyant sur la r\u00e9glementation ainsi qu&rsquo;une compr\u00e9hension fine des activit\u00e9s dans le laboratoire.<\/li>\n<\/ul>\n<div class=\"fusion-button-wrapper fusion-alignleft\"><a class=\"fusion-button button-flat fusion-button-default-size button-custom fusion-button-default button-5 fusion-button-default-span fusion-button-default-type\" style=\"--button_accent_color:#000000;--button_accent_hover_color:#ffffff;--button_border_hover_color:#ffffff;--button_border_width-top:0;--button_border_width-right:0;--button_border_width-bottom:0;--button_border_width-left:0;--button_gradient_top_color:#f7f7f7;--button_gradient_bottom_color:#f7f7f7;--button_gradient_top_color_hover:#92d4d0;--button_gradient_bottom_color_hover:#92d4d0;--button_text_transform:none;\" target=\"_self\" href=\"https:\/\/laboratoire-microsept.fr\/index.php\/nous-contacter\/\"><span class=\"fusion-button-text awb-button__text awb-button__text--default\">Contactez-nous <\/span><\/a><\/div>\n<\/div><\/div><\/div><div class=\"fusion-clearfix\"><\/div><\/div><\/div><\/div><\/div><div class=\"fusion-fullwidth fullwidth-box fusion-builder-row-4 nonhundred-percent-fullwidth non-hundred-percent-height-scrolling\" style=\"--awb-border-radius-top-left:0px;--awb-border-radius-top-right:0px;--awb-border-radius-bottom-right:0px;--awb-border-radius-bottom-left:0px;--awb-padding-top:20px;--awb-padding-right:15%;--awb-padding-left:15%;--awb-margin-top:30px;--awb-background-color:#00253c;--awb-flex-wrap:wrap;\" ><div class=\"fusion-builder-row fusion-row\"><div class=\"fusion-layout-column fusion_builder_column fusion-builder-column-3 fusion_builder_column_1_1 1_1 fusion-one-full fusion-column-first fusion-column-last\" style=\"--awb-padding-top:20px;--awb-padding-bottom:20px;--awb-bg-color:rgba(247,247,247,0);--awb-bg-color-hover:rgba(247,247,247,0);--awb-bg-size:cover;\"><div class=\"fusion-column-wrapper fusion-column-has-shadow fusion-flex-column-wrapper-legacy\"><div class=\"fusion-column-content-centered\"><div class=\"fusion-column-content\"><div class=\"fusion-title title fusion-title-3 fusion-title-center fusion-title-text fusion-title-size-two\" style=\"--awb-text-color:#ffffff;--awb-margin-top-small:0px;--awb-margin-right-small:0px;--awb-margin-bottom-small:20px;--awb-margin-left-small:0px;--awb-sep-color:#ffffff;--awb-font-size:34px;\"><div class=\"title-sep-container title-sep-container-left\"><div class=\"title-sep sep-single sep-solid\" style=\"border-color:#ffffff;\"><\/div><\/div><span class=\"awb-title-spacer\"><\/span><h2 class=\"fusion-title-heading title-heading-center\" style=\"margin:0;font-size:1em;\">Besoin d&rsquo;aide ?<\/h2><span class=\"awb-title-spacer\"><\/span><div class=\"title-sep-container title-sep-container-right\"><div class=\"title-sep sep-single sep-solid\" style=\"border-color:#ffffff;\"><\/div><\/div><\/div><div class=\"fusion-button-wrapper fusion-aligncenter\"><a class=\"fusion-button button-flat button-xlarge button-custom fusion-button-default button-6 fusion-button-default-span fusion-button-default-type\" style=\"--button_accent_color:#ffffff;--button_border_color:#ffffff;--button_accent_hover_color:#000000;--button_border_hover_color:#000000;--button_gradient_top_color:#ff9800;--button_gradient_bottom_color:#ff9800;--button_gradient_top_color_hover:#ffffff;--button_gradient_bottom_color_hover:#ffffff;--button_text_transform:none;\" target=\"_self\" href=\"https:\/\/laboratoire-microsept.fr\/index.php\/nous-contacter\/\"><span class=\"fusion-button-text awb-button__text awb-button__text--default\">Contactez-nous !<\/span><\/a><\/div><\/div><\/div><div class=\"fusion-clearfix\"><\/div><\/div><\/div><\/div><\/div><\/p>\n","protected":false},"excerpt":{"rendered":"","protected":false},"author":1,"featured_media":0,"parent":0,"menu_order":0,"comment_status":"closed","ping_status":"closed","template":"","meta":{"footnotes":""},"class_list":["post-851","page","type-page","status-publish","hentry"],"_links":{"self":[{"href":"https:\/\/laboratoire-microsept.fr\/index.php\/wp-json\/wp\/v2\/pages\/851","targetHints":{"allow":["GET"]}}],"collection":[{"href":"https:\/\/laboratoire-microsept.fr\/index.php\/wp-json\/wp\/v2\/pages"}],"about":[{"href":"https:\/\/laboratoire-microsept.fr\/index.php\/wp-json\/wp\/v2\/types\/page"}],"author":[{"embeddable":true,"href":"https:\/\/laboratoire-microsept.fr\/index.php\/wp-json\/wp\/v2\/users\/1"}],"replies":[{"embeddable":true,"href":"https:\/\/laboratoire-microsept.fr\/index.php\/wp-json\/wp\/v2\/comments?post=851"}],"version-history":[{"count":0,"href":"https:\/\/laboratoire-microsept.fr\/index.php\/wp-json\/wp\/v2\/pages\/851\/revisions"}],"wp:attachment":[{"href":"https:\/\/laboratoire-microsept.fr\/index.php\/wp-json\/wp\/v2\/media?parent=851"}],"curies":[{"name":"wp","href":"https:\/\/api.w.org\/{rel}","templated":true}]}}