{"id":849,"date":"2019-06-26T15:36:01","date_gmt":"2019-06-26T13:36:01","guid":{"rendered":"https:\/\/laboratoire-microsept.fr\/?page_id=849"},"modified":"2023-03-10T12:04:43","modified_gmt":"2023-03-10T11:04:43","slug":"audit","status":"publish","type":"page","link":"https:\/\/laboratoire-microsept.fr\/index.php\/audit\/","title":{"rendered":"Audit"},"content":{"rendered":"<p><div class=\"fusion-fullwidth fullwidth-box fusion-builder-row-1 nonhundred-percent-fullwidth non-hundred-percent-height-scrolling\" style=\"--awb-border-radius-top-left:0px;--awb-border-radius-top-right:0px;--awb-border-radius-bottom-right:0px;--awb-border-radius-bottom-left:0px;--awb-padding-right:15%;--awb-padding-left:15%;--awb-flex-wrap:wrap;\" ><div class=\"fusion-builder-row fusion-row\"><div class=\"fusion-layout-column fusion_builder_column fusion-builder-column-0 fusion_builder_column_1_1 1_1 fusion-one-full fusion-column-first fusion-column-last\" style=\"--awb-bg-size:cover;\"><div class=\"fusion-column-wrapper fusion-column-has-shadow fusion-flex-column-wrapper-legacy\"><div class=\"fusion-title title fusion-title-1 fusion-title-center fusion-title-text fusion-title-size-two\" style=\"--awb-text-color:#595959;--awb-margin-top-small:0px;--awb-margin-right-small:0px;--awb-margin-bottom-small:20px;--awb-margin-left-small:0px;--awb-sep-color:#595959;--awb-font-size:34px;\"><div class=\"title-sep-container title-sep-container-left\"><div class=\"title-sep sep-single sep-solid\" style=\"border-color:#595959;\"><\/div><\/div><span class=\"awb-title-spacer\"><\/span><h2 class=\"fusion-title-heading title-heading-center\" style=\"margin:0;font-size:1em;\">Hygi\u00e8ne et s\u00e9curit\u00e9<\/h2><span class=\"awb-title-spacer\"><\/span><div class=\"title-sep-container title-sep-container-right\"><div class=\"title-sep sep-single sep-solid\" style=\"border-color:#595959;\"><\/div><\/div><\/div><div class=\"fusion-tabs fusion-tabs-1 classic nav-is-justified horizontal-tabs icon-position-left mobile-mode-accordion\" style=\"--awb-title-border-radius-top-left:0px;--awb-title-border-radius-top-right:0px;--awb-title-border-radius-bottom-right:0px;--awb-title-border-radius-bottom-left:0px;--awb-inactive-color:rgba(146,212,208,0.6);--awb-background-color:#ffffff;--awb-border-color:#ebeaea;--awb-active-border-color:#ff9800;\"><div class=\"nav\"><ul class=\"nav-tabs nav-justified\" role=\"tablist\" aria-orientation=\"horizontal\"><li class=\"active\" role=\"presentation\"><a class=\"tab-link\" data-toggle=\"tab\" role=\"tab\" aria-controls=\"tab-e382156c3926accd790\" aria-selected=\"true\" tabindex=\"0\" id=\"fusion-tab-e382156c3926accd790\" href=\"#tab-e382156c3926accd790\"><h4 class=\"fusion-tab-heading\">Audit Hygi\u00e8ne \/ Hygi\u00e8noscopie<\/h4><\/a><\/li><li  role=\"presentation\"><a class=\"tab-link\" data-toggle=\"tab\" role=\"tab\" aria-controls=\"tab-061710f6e70c3d468ba\" aria-selected=\"false\" tabindex=\"-1\" id=\"fusion-tab-061710f6e70c3d468ba\" href=\"#tab-061710f6e70c3d468ba\"><h4 class=\"fusion-tab-heading\">Audit conseil PMS <\/h4><\/a><\/li><li  role=\"presentation\"><a class=\"tab-link\" data-toggle=\"tab\" role=\"tab\" aria-controls=\"tab-883550d4dad3b49d8b3\" aria-selected=\"false\" tabindex=\"-1\" id=\"fusion-tab-883550d4dad3b49d8b3\" href=\"#tab-883550d4dad3b49d8b3\"><h4 class=\"fusion-tab-heading\">Diagnostic de vos ateliers de fabrication<\/h4><\/a><\/li><li  role=\"presentation\"><a class=\"tab-link\" data-toggle=\"tab\" role=\"tab\" aria-controls=\"tab-1e34b0dfa4efbc3b3c5\" aria-selected=\"false\" tabindex=\"-1\" id=\"fusion-tab-1e34b0dfa4efbc3b3c5\" href=\"#tab-1e34b0dfa4efbc3b3c5\"><h4 class=\"fusion-tab-heading\">Audit dossier d&#x27;agr\u00e9ment <\/h4><\/a><\/li><\/ul><\/div><div class=\"tab-content\"><div class=\"nav fusion-mobile-tab-nav\"><ul class=\"nav-tabs nav-justified\" role=\"tablist\" aria-orientation=\"horizontal\"><li class=\"active\" role=\"presentation\"><a class=\"tab-link\" data-toggle=\"tab\" role=\"tab\" aria-controls=\"tab-e382156c3926accd790\" aria-selected=\"true\" tabindex=\"0\" id=\"mobile-fusion-tab-e382156c3926accd790\" href=\"#tab-e382156c3926accd790\"><h4 class=\"fusion-tab-heading\">Audit Hygi\u00e8ne \/ Hygi\u00e8noscopie<\/h4><\/a><\/li><\/ul><\/div><div class=\"tab-pane fade fusion-clearfix in active\" role=\"tabpanel\" tabindex=\"0\" aria-labelledby=\"fusion-tab-e382156c3926accd790\" id=\"tab-e382156c3926accd790\">\n<p><strong>R\u00e9f : PC.01<\/strong><\/p>\n<p><strong><span style=\"color: #92d4d0;\">Objectif<\/span>\u00a0 <\/strong><span style=\"color: #92d4d0;\">: \u00c9valuer la conformit\u00e9 de votre \u00e9tablissement, en mati\u00e8re d\u2019hygi\u00e8ne.<\/span><\/p>\n<ul>\n<li>Audit de 30 min \u00e0 3h en fonction de l\u2019activit\u00e9<\/li>\n<li>Plusieurs points contr\u00f4l\u00e9s \u00e0 l\u2019aide d\u2019une grille adapt\u00e9e au secteur d\u2019activit\u00e9s<\/li>\n<li>\u00c9tat des lieux en mati\u00e8re d\u2019hygi\u00e8ne, v\u00e9rification de la conformit\u00e9 (ou non) par rapport \u00e0 la r\u00e9glementation en vigueur<\/li>\n<li>Des actions d\u2019am\u00e9liorations vous sont apport\u00e9es selon les observations<\/li>\n<\/ul>\n<div class=\"fusion-button-wrapper fusion-alignleft\"><a class=\"fusion-button button-flat fusion-button-default-size button-custom fusion-button-default button-1 fusion-button-default-span fusion-button-default-type\" style=\"--button_accent_color:#000000;--button_accent_hover_color:#ffffff;--button_border_hover_color:#ffffff;--button_gradient_top_color:#f7f7f7;--button_gradient_bottom_color:#f7f7f7;--button_gradient_top_color_hover:#92d4d0;--button_gradient_bottom_color_hover:#92d4d0;--button_text_transform:none;\" target=\"_self\"><span class=\"fusion-button-text awb-button__text awb-button__text--default\">Contactez-nous !<\/span><\/a><\/div><\/div><div class=\"nav fusion-mobile-tab-nav\"><ul class=\"nav-tabs nav-justified\" role=\"tablist\" aria-orientation=\"horizontal\"><li  role=\"presentation\"><a class=\"tab-link\" data-toggle=\"tab\" role=\"tab\" aria-controls=\"tab-061710f6e70c3d468ba\" aria-selected=\"false\" tabindex=\"-1\" id=\"mobile-fusion-tab-061710f6e70c3d468ba\" href=\"#tab-061710f6e70c3d468ba\"><h4 class=\"fusion-tab-heading\">Audit conseil PMS <\/h4><\/a><\/li><\/ul><\/div><div class=\"tab-pane fade fusion-clearfix\" role=\"tabpanel\" tabindex=\"0\" aria-labelledby=\"fusion-tab-061710f6e70c3d468ba\" id=\"tab-061710f6e70c3d468ba\">\n<p><strong>R\u00e9f : PC.02<\/strong><\/p>\n<p><span style=\"color: #92d4d0;\"><strong>Objectif<\/strong> : D\u00e9terminer les \u00e9carts entre les pratiques et les exigences r\u00e9glementaires. <\/span><span style=\"color: #92d4d0;\">Am\u00e9liorer ces pratiques et organiser la mise en oeuvre du PMS.<\/span><\/p>\n<ul>\n<li>Etude des documents existants\u00a0<\/li>\n<li>Observations et analyses des pratiques<\/li>\n<li>Proposition d&rsquo;un plan d&rsquo;actions\u00a0<\/li>\n<li>Un rapport d\u00e9taill\u00e9 vous sera remis<\/li>\n<\/ul>\n<div class=\"fusion-button-wrapper fusion-alignleft\"><a class=\"fusion-button button-flat fusion-button-default-size button-custom fusion-button-default button-2 fusion-button-default-span fusion-button-default-type\" style=\"--button_accent_color:#000000;--button_accent_hover_color:#ffffff;--button_border_hover_color:#ffffff;--button_gradient_top_color:#f7f7f7;--button_gradient_bottom_color:#f7f7f7;--button_gradient_top_color_hover:#92d4d0;--button_gradient_bottom_color_hover:#92d4d0;--button_text_transform:none;\" target=\"_self\"><span class=\"fusion-button-text awb-button__text awb-button__text--default\">Contactez-nous !<\/span><\/a><\/div><\/div><div class=\"nav fusion-mobile-tab-nav\"><ul class=\"nav-tabs nav-justified\" role=\"tablist\" aria-orientation=\"horizontal\"><li  role=\"presentation\"><a class=\"tab-link\" data-toggle=\"tab\" role=\"tab\" aria-controls=\"tab-883550d4dad3b49d8b3\" aria-selected=\"false\" tabindex=\"-1\" id=\"mobile-fusion-tab-883550d4dad3b49d8b3\" href=\"#tab-883550d4dad3b49d8b3\"><h4 class=\"fusion-tab-heading\">Diagnostic de vos ateliers de fabrication<\/h4><\/a><\/li><\/ul><\/div><div class=\"tab-pane fade fusion-clearfix\" role=\"tabpanel\" tabindex=\"0\" aria-labelledby=\"fusion-tab-883550d4dad3b49d8b3\" id=\"tab-883550d4dad3b49d8b3\">\n<p style=\"text-align: left;\"><strong>R\u00e9f : PC.03<\/strong><\/p>\n<p><strong><span style=\"color: #92d4d0;\">Objectifs<\/span><\/strong><\/p>\n<ul>\n<li><span style=\"color: #92d4d0;\">Identifier l\u2019origine de la contamination de vos produits.<\/span><\/li>\n<li><span style=\"color: #92d4d0;\">\u00c9valuer l\u2019efficacit\u00e9 de vos proc\u00e9dures de <\/span><span style=\"color: #92d4d0;\">nettoyage.<\/span><\/li>\n<\/ul>\n<ul>\n<li>R\u00e9alisation d\u2019un diagnostic<\/li>\n<li>Identification des origines de la contamination<\/li>\n<li>Des actions d\u2019am\u00e9liorations vous sont apport\u00e9es selon les observations<\/li>\n<li>Un rapport d\u00e9taill\u00e9 fourni \u00e0 l\u2019issue du diagnostic<\/li>\n<\/ul>\n<div class=\"fusion-button-wrapper fusion-alignleft\"><a class=\"fusion-button button-flat fusion-button-default-size button-custom fusion-button-default button-3 fusion-button-default-span fusion-button-default-type\" style=\"--button_accent_color:#000000;--button_accent_hover_color:#ffffff;--button_border_hover_color:#ffffff;--button_gradient_top_color:#f7f7f7;--button_gradient_bottom_color:#f7f7f7;--button_gradient_top_color_hover:#92d4d0;--button_gradient_bottom_color_hover:#92d4d0;--button_text_transform:none;\" target=\"_self\"><span class=\"fusion-button-text awb-button__text awb-button__text--default\">Contactez-nous !<\/span><\/a><\/div><\/div><div class=\"nav fusion-mobile-tab-nav\"><ul class=\"nav-tabs nav-justified\" role=\"tablist\" aria-orientation=\"horizontal\"><li  role=\"presentation\"><a class=\"tab-link\" data-toggle=\"tab\" role=\"tab\" aria-controls=\"tab-1e34b0dfa4efbc3b3c5\" aria-selected=\"false\" tabindex=\"-1\" id=\"mobile-fusion-tab-1e34b0dfa4efbc3b3c5\" href=\"#tab-1e34b0dfa4efbc3b3c5\"><h4 class=\"fusion-tab-heading\">Audit dossier d&#x27;agr\u00e9ment <\/h4><\/a><\/li><\/ul><\/div><div class=\"tab-pane fade fusion-clearfix\" role=\"tabpanel\" tabindex=\"0\" aria-labelledby=\"fusion-tab-1e34b0dfa4efbc3b3c5\" id=\"tab-1e34b0dfa4efbc3b3c5\">\n<p><strong>R\u00e9f : PC.04<\/strong><\/p>\n<p><span style=\"color: #92d4d0;\"><strong>Objectif<\/strong> : R\u00e9aliser un audit selon les exigences de l&rsquo;instruction technique DGAL\/SDSSA\/2022-349 du 25\/04\/2022. Identifier les axes d&rsquo;am\u00e9lioration et corrections \u00e0 mettre en oeuvre.\u00a0<\/span><\/p>\n<ul>\n<li>Etude des documents existants\u00a0<\/li>\n<li>Etablir la liste de tous les documents \u00e0 modifier et \u00e0 fournir \u00e0 la DD(ec)PP<\/li>\n<li>Un rapport r\u00e9dig\u00e9 pr\u00e9sentant les axes d&rsquo;am\u00e9liorations et des corrections \u00e0 mettre en oeuvre<\/li>\n<\/ul>\n<div class=\"fusion-button-wrapper fusion-alignleft\"><a class=\"fusion-button button-flat fusion-button-default-size button-custom fusion-button-default button-4 fusion-button-default-span fusion-button-default-type\" style=\"--button_accent_color:#000000;--button_accent_hover_color:#ffffff;--button_border_hover_color:#ffffff;--button_gradient_top_color:#f7f7f7;--button_gradient_bottom_color:#f7f7f7;--button_gradient_top_color_hover:#92d4d0;--button_gradient_bottom_color_hover:#92d4d0;--button_text_transform:none;\" target=\"_self\"><span class=\"fusion-button-text awb-button__text awb-button__text--default\">Contactez-nous !<\/span><\/a><\/div><\/div><\/div><\/div><div class=\"fusion-clearfix\"><\/div><\/div><\/div><\/div><\/div><div class=\"fusion-fullwidth fullwidth-box fusion-builder-row-2 nonhundred-percent-fullwidth non-hundred-percent-height-scrolling\" style=\"--awb-border-radius-top-left:0px;--awb-border-radius-top-right:0px;--awb-border-radius-bottom-right:0px;--awb-border-radius-bottom-left:0px;--awb-padding-right:15%;--awb-padding-left:15%;--awb-flex-wrap:wrap;\" ><div class=\"fusion-builder-row fusion-row\"><div class=\"fusion-layout-column fusion_builder_column fusion-builder-column-1 fusion_builder_column_1_1 1_1 fusion-one-full fusion-column-first fusion-column-last\" style=\"--awb-bg-size:cover;\"><div class=\"fusion-column-wrapper fusion-column-has-shadow fusion-flex-column-wrapper-legacy\"><div class=\"fusion-title title fusion-title-2 fusion-title-center fusion-title-text fusion-title-size-two\" style=\"--awb-text-color:#595959;--awb-margin-top:30px;--awb-margin-top-small:0px;--awb-margin-right-small:0px;--awb-margin-bottom-small:20px;--awb-margin-left-small:0px;--awb-sep-color:#595959;--awb-font-size:34px;\"><div class=\"title-sep-container title-sep-container-left\"><div class=\"title-sep sep-single sep-solid\" style=\"border-color:#595959;\"><\/div><\/div><span class=\"awb-title-spacer\"><\/span><h2 class=\"fusion-title-heading title-heading-center\" style=\"margin:0;font-size:1em;\">Qualit\u00e9 et performance<\/h2><span class=\"awb-title-spacer\"><\/span><div class=\"title-sep-container title-sep-container-right\"><div class=\"title-sep sep-single sep-solid\" style=\"border-color:#595959;\"><\/div><\/div><\/div><div class=\"fusion-clearfix\"><\/div><\/div><\/div><\/div><\/div><div class=\"fusion-fullwidth fullwidth-box fusion-builder-row-3 nonhundred-percent-fullwidth non-hundred-percent-height-scrolling\" style=\"--awb-border-radius-top-left:0px;--awb-border-radius-top-right:0px;--awb-border-radius-bottom-right:0px;--awb-border-radius-bottom-left:0px;--awb-padding-right:15%;--awb-padding-left:15%;--awb-flex-wrap:wrap;\" ><div class=\"fusion-builder-row fusion-row\"><div class=\"fusion-layout-column fusion_builder_column fusion-builder-column-2 fusion_builder_column_1_1 1_1 fusion-one-full fusion-column-first fusion-column-last\" style=\"--awb-bg-color:#ffffff;--awb-bg-color-hover:#ffffff;--awb-bg-size:cover;--awb-border-color:#ff9800;--awb-border-left:0px;--awb-border-style:solid;\"><div class=\"fusion-column-wrapper fusion-column-has-shadow fusion-flex-column-wrapper-legacy\"><div class=\"fusion-tabs fusion-tabs-2 classic nav-is-justified horizontal-tabs icon-position-left mobile-mode-accordion\" style=\"--awb-title-border-radius-top-left:0px;--awb-title-border-radius-top-right:0px;--awb-title-border-radius-bottom-right:0px;--awb-title-border-radius-bottom-left:0px;--awb-inactive-color:rgba(146,212,208,0.6);--awb-background-color:#ffffff;--awb-border-color:#ebeaea;--awb-active-border-color:#ff9800;\"><div class=\"nav\"><ul class=\"nav-tabs nav-justified\" role=\"tablist\" aria-orientation=\"horizontal\"><li class=\"active\" role=\"presentation\"><a class=\"tab-link\" data-toggle=\"tab\" role=\"tab\" aria-controls=\"tab-caddb79b2556dfdc0c3\" aria-selected=\"true\" tabindex=\"0\" id=\"fusion-tab-caddb79b2556dfdc0c3\" href=\"#tab-caddb79b2556dfdc0c3\"><h4 class=\"fusion-tab-heading\">Audit interne de votre laboratoire<\/h4><\/a><\/li><\/ul><\/div><div class=\"tab-content\"><div class=\"nav fusion-mobile-tab-nav\"><ul class=\"nav-tabs nav-justified\" role=\"tablist\" aria-orientation=\"horizontal\"><li class=\"active\" role=\"presentation\"><a class=\"tab-link\" data-toggle=\"tab\" role=\"tab\" aria-controls=\"tab-caddb79b2556dfdc0c3\" aria-selected=\"true\" tabindex=\"0\" id=\"mobile-fusion-tab-caddb79b2556dfdc0c3\" href=\"#tab-caddb79b2556dfdc0c3\"><h4 class=\"fusion-tab-heading\">Audit interne de votre laboratoire<\/h4><\/a><\/li><\/ul><\/div><div class=\"tab-pane fade fusion-clearfix in active\" role=\"tabpanel\" tabindex=\"0\" aria-labelledby=\"fusion-tab-caddb79b2556dfdc0c3\" id=\"tab-caddb79b2556dfdc0c3\">\n<p><strong>R\u00e9f : PC.L.01<\/strong><\/p>\n<p><span style=\"color: #92d4d0;\"><strong>Objectif\u00a0\u00a0<\/strong>: \u00c9valuer la conformit\u00e9 de votre laboratoire.<\/span><\/p>\n<ul>\n<li>Vous disposez d\u2019un laboratoire interne d\u2019entreprise et vous souhaitez valider :\n<ul>\n<li>Son fonctionnement et son organisation sur le plan des bonnes pratiques de laboratoire,<\/li>\n<li>Sa conformit\u00e9 aux exigences des r\u00e9f\u00e9rentiels BRCGS et IFS.<\/li>\n<\/ul>\n<\/li>\n<li>Vous g\u00e9rez un laboratoire accr\u00e9dit\u00e9 et vous avez besoin d&rsquo;un intervenant ind\u00e9pendant pour r\u00e9aliser l&rsquo;audit interne selon l&rsquo;ISO 17025, version 2017.\u00a0<\/li>\n<li>Un rapport vous sera fourni avec la recommandation technique et\/ou organisationnelle.<\/li>\n<\/ul>\n<div class=\"fusion-button-wrapper fusion-alignleft\"><a class=\"fusion-button button-flat fusion-button-default-size button-custom fusion-button-default button-5 fusion-button-default-span fusion-button-default-type\" style=\"--button_accent_color:#000000;--button_accent_hover_color:#ffffff;--button_border_hover_color:#ffffff;--button_gradient_top_color:#f7f7f7;--button_gradient_bottom_color:#f7f7f7;--button_gradient_top_color_hover:#92d4d0;--button_gradient_bottom_color_hover:#92d4d0;--button_text_transform:none;\" target=\"_self\"><span class=\"fusion-button-text awb-button__text awb-button__text--default\">Contactez-nous !<\/span><\/a><\/div>\n<\/div><\/div><\/div><div class=\"fusion-clearfix\"><\/div><\/div><\/div><\/div><\/div><div class=\"fusion-fullwidth fullwidth-box fusion-builder-row-4 nonhundred-percent-fullwidth non-hundred-percent-height-scrolling\" style=\"--awb-border-radius-top-left:0px;--awb-border-radius-top-right:0px;--awb-border-radius-bottom-right:0px;--awb-border-radius-bottom-left:0px;--awb-padding-top:20px;--awb-padding-right:15%;--awb-padding-left:15%;--awb-margin-top:30px;--awb-background-color:#00253c;--awb-flex-wrap:wrap;\" ><div class=\"fusion-builder-row fusion-row\"><div class=\"fusion-layout-column fusion_builder_column fusion-builder-column-3 fusion_builder_column_1_1 1_1 fusion-one-full fusion-column-first fusion-column-last\" style=\"--awb-padding-top:20px;--awb-padding-bottom:20px;--awb-bg-color:rgba(247,247,247,0);--awb-bg-color-hover:rgba(247,247,247,0);--awb-bg-size:cover;\"><div class=\"fusion-column-wrapper fusion-column-has-shadow fusion-flex-column-wrapper-legacy\"><div class=\"fusion-column-content-centered\"><div class=\"fusion-column-content\"><div class=\"fusion-title title fusion-title-3 fusion-title-center fusion-title-text fusion-title-size-two\" style=\"--awb-text-color:#ffffff;--awb-margin-top-small:0px;--awb-margin-right-small:0px;--awb-margin-bottom-small:20px;--awb-margin-left-small:0px;--awb-sep-color:#ffffff;--awb-font-size:34px;\"><div class=\"title-sep-container title-sep-container-left\"><div class=\"title-sep sep-single sep-solid\" style=\"border-color:#ffffff;\"><\/div><\/div><span class=\"awb-title-spacer\"><\/span><h2 class=\"fusion-title-heading title-heading-center\" style=\"margin:0;font-size:1em;\">Besoin d&rsquo;aide ?<\/h2><span class=\"awb-title-spacer\"><\/span><div class=\"title-sep-container title-sep-container-right\"><div class=\"title-sep sep-single sep-solid\" style=\"border-color:#ffffff;\"><\/div><\/div><\/div><div class=\"fusion-button-wrapper fusion-aligncenter\"><a class=\"fusion-button button-flat button-xlarge button-custom fusion-button-default button-6 fusion-button-default-span fusion-button-default-type\" style=\"--button_accent_color:#ffffff;--button_border_color:#ffffff;--button_accent_hover_color:#000000;--button_border_hover_color:#000000;--button_gradient_top_color:#ff9800;--button_gradient_bottom_color:#ff9800;--button_gradient_top_color_hover:#ffffff;--button_gradient_bottom_color_hover:#ffffff;--button_text_transform:none;\" target=\"_self\" href=\"https:\/\/laboratoire-microsept.fr\/index.php\/nous-contacter\/\"><span class=\"fusion-button-text awb-button__text awb-button__text--default\">Contactez-nous !<\/span><\/a><\/div><\/div><\/div><div class=\"fusion-clearfix\"><\/div><\/div><\/div><\/div><\/div><\/p>\n","protected":false},"excerpt":{"rendered":"","protected":false},"author":1,"featured_media":0,"parent":0,"menu_order":0,"comment_status":"closed","ping_status":"closed","template":"","meta":{"footnotes":""},"class_list":["post-849","page","type-page","status-publish","hentry"],"_links":{"self":[{"href":"https:\/\/laboratoire-microsept.fr\/index.php\/wp-json\/wp\/v2\/pages\/849","targetHints":{"allow":["GET"]}}],"collection":[{"href":"https:\/\/laboratoire-microsept.fr\/index.php\/wp-json\/wp\/v2\/pages"}],"about":[{"href":"https:\/\/laboratoire-microsept.fr\/index.php\/wp-json\/wp\/v2\/types\/page"}],"author":[{"embeddable":true,"href":"https:\/\/laboratoire-microsept.fr\/index.php\/wp-json\/wp\/v2\/users\/1"}],"replies":[{"embeddable":true,"href":"https:\/\/laboratoire-microsept.fr\/index.php\/wp-json\/wp\/v2\/comments?post=849"}],"version-history":[{"count":0,"href":"https:\/\/laboratoire-microsept.fr\/index.php\/wp-json\/wp\/v2\/pages\/849\/revisions"}],"wp:attachment":[{"href":"https:\/\/laboratoire-microsept.fr\/index.php\/wp-json\/wp\/v2\/media?parent=849"}],"curies":[{"name":"wp","href":"https:\/\/api.w.org\/{rel}","templated":true}]}}