{"id":13210,"date":"2019-08-01T11:41:22","date_gmt":"2019-08-01T09:41:22","guid":{"rendered":"https:\/\/laboratoire-microsept.fr\/?page_id=13210"},"modified":"2024-01-30T15:16:11","modified_gmt":"2024-01-30T14:16:11","slug":"secteur-activite-alimentaire","status":"publish","type":"page","link":"https:\/\/laboratoire-microsept.fr\/index.php\/secteur-activite-alimentaire\/","title":{"rendered":"Secteur Activit\u00e9 Alimentaire et di\u00e9t\u00e9tique"},"content":{"rendered":"<p><div class=\"fusion-fullwidth fullwidth-box fusion-builder-row-1 nonhundred-percent-fullwidth non-hundred-percent-height-scrolling\" style=\"--awb-border-radius-top-left:0px;--awb-border-radius-top-right:0px;--awb-border-radius-bottom-right:0px;--awb-border-radius-bottom-left:0px;--awb-padding-right:15%;--awb-padding-bottom:30px;--awb-padding-left:15%;--awb-flex-wrap:wrap;\" ><div class=\"fusion-builder-row fusion-row\"><div class=\"fusion-layout-column fusion_builder_column fusion-builder-column-0 fusion_builder_column_1_1 1_1 fusion-one-full fusion-column-first fusion-column-last\" style=\"--awb-bg-size:cover;\"><div class=\"fusion-column-wrapper fusion-column-has-shadow fusion-flex-column-wrapper-legacy\"><div class=\"fusion-title title fusion-title-1 fusion-title-center fusion-title-text fusion-title-size-two\" style=\"--awb-text-color:#595959;--awb-margin-top-small:0px;--awb-margin-right-small:0px;--awb-margin-bottom-small:20px;--awb-margin-left-small:0px;--awb-sep-color:#595959;--awb-font-size:34px;\"><div class=\"title-sep-container title-sep-container-left\"><div class=\"title-sep sep-single sep-solid\" style=\"border-color:#595959;\"><\/div><\/div><span class=\"awb-title-spacer\"><\/span><h2 class=\"fusion-title-heading title-heading-center\" style=\"margin:0;font-size:1em;\">Nos services propos\u00e9s pour votre secteur<\/h2><span class=\"awb-title-spacer\"><\/span><div class=\"title-sep-container title-sep-container-right\"><div class=\"title-sep sep-single sep-solid\" style=\"border-color:#595959;\"><\/div><\/div><\/div><div class=\"fusion-clearfix\"><\/div><\/div><\/div><div class=\"fusion-layout-column fusion_builder_column fusion-builder-column-1 fusion_builder_column_1_3 1_3 fusion-one-third fusion-column-first fusion-column-inner-bg-wrapper\" style=\"--awb-padding-top:80px;--awb-padding-right:30px;--awb-padding-bottom:80px;--awb-padding-left:30px;--awb-inner-bg-image:url(&#039;https:\/\/laboratoire-microsept.fr\/wp-content\/uploads\/2019\/07\/analyse-2-e1565602038382.jpg&#039;);--awb-inner-bg-position:center center;--awb-inner-bg-size:cover;width:33.333333333333%;width:calc(33.333333333333% - ( ( 4% + 4% ) * 0.33333333333333 ) );margin-right: 4%;\"><span class=\"fusion-column-inner-bg hover-type-zoomout\"><a class=\"fusion-column-anchor\" href=\"https:\/\/laboratoire-microsept.fr\/index.php\/sous-analayse\/\"><span class=\"fusion-column-inner-bg-image\"><\/span><\/a><\/span><div class=\"fusion-column-wrapper fusion-column-has-shadow fusion-flex-column-wrapper-legacy fusion-column-has-bg-image\" data-bg-url=\"https:\/\/laboratoire-microsept.fr\/wp-content\/uploads\/2019\/07\/analyse-2-e1565602038382.jpg\"><div class=\"fusion-column-content-centered\"><div class=\"fusion-column-content\"><div class=\"fusion-aligncenter\"><a class=\"fusion-button button-flat button-xlarge button-custom fusion-button-default button-1 fusion-button-span-no fusion-button-default-type\" style=\"--button_accent_color:#020202;--button_border_color:#020202;--button_accent_hover_color:#000000;--button_border_hover_color:#000000;--button_border_width-top:0px;--button_border_width-right:0px;--button_border_width-bottom:0px;--button_border_width-left:0px;--button_gradient_top_color:#ffffff;--button_gradient_bottom_color:#ffffff;--button_gradient_top_color_hover:#ff9800;--button_gradient_bottom_color_hover:#ff9800;--button_text_transform:none;\" target=\"_self\" href=\"https:\/\/laboratoire-microsept.fr\/index.php\/sous-analayse\/\"><span class=\"fusion-button-text awb-button__text awb-button__text--default\">Analyses en industrie alimentaire<\/span><\/a><\/div><\/div><\/div><div class=\"fusion-clearfix\"><\/div><\/div><\/div><div class=\"fusion-layout-column fusion_builder_column fusion-builder-column-2 fusion_builder_column_1_3 1_3 fusion-one-third fusion-column-inner-bg-wrapper\" style=\"--awb-padding-top:80px;--awb-padding-right:30px;--awb-padding-bottom:80px;--awb-padding-left:30px;--awb-inner-bg-image:url(&#039;https:\/\/laboratoire-microsept.fr\/wp-content\/uploads\/2019\/08\/\u00e9quipe-compl\u00e8te-4-2.jpg&#039;);--awb-inner-bg-position:center center;--awb-inner-bg-size:cover;width:33.333333333333%;width:calc(33.333333333333% - ( ( 4% + 4% ) * 0.33333333333333 ) );margin-right: 4%;\" data-scroll-devices=\"small-visibility,medium-visibility,large-visibility\"><span class=\"fusion-column-inner-bg hover-type-zoomout\"><a class=\"fusion-column-anchor\" href=\"https:\/\/formation.microsept.fr\/\" rel=\"noopener noreferrer\" target=\"_blank\"><span class=\"fusion-column-inner-bg-image\"><\/span><\/a><\/span><div class=\"fusion-column-wrapper fusion-column-has-shadow fusion-flex-column-wrapper-legacy fusion-column-has-bg-image\" data-bg-url=\"https:\/\/laboratoire-microsept.fr\/wp-content\/uploads\/2019\/08\/\u00e9quipe-compl\u00e8te-4-2.jpg\"><div class=\"fusion-column-content-centered\"><div class=\"fusion-column-content\"><div class=\"fusion-aligncenter\"><a class=\"fusion-button button-flat button-xlarge button-custom fusion-button-default button-2 fusion-button-span-no fusion-button-default-type\" style=\"--button_accent_color:#020202;--button_border_color:#020202;--button_accent_hover_color:#000000;--button_border_hover_color:#000000;--button_gradient_top_color:#ffffff;--button_gradient_bottom_color:#ffffff;--button_gradient_top_color_hover:#ff9800;--button_gradient_bottom_color_hover:#ff9800;--button_text_transform:none;\" target=\"_blank\" rel=\"noopener noreferrer\" href=\"https:\/\/formation.microsept.fr\"><span class=\"fusion-button-text awb-button__text awb-button__text--default\">Formations en industrie alimentaire<\/span><\/a><\/div><\/div><\/div><div class=\"fusion-clearfix\"><\/div><\/div><\/div><div class=\"fusion-layout-column fusion_builder_column fusion-builder-column-3 fusion_builder_column_1_3 1_3 fusion-one-third fusion-column-last fusion-column-inner-bg-wrapper\" style=\"--awb-padding-top:80px;--awb-padding-right:30px;--awb-padding-bottom:80px;--awb-padding-left:30px;--awb-inner-bg-image:url(&#039;https:\/\/laboratoire-microsept.fr\/wp-content\/uploads\/2019\/07\/audit-2-1-e1564128884646.jpg&#039;);--awb-inner-bg-position:center center;--awb-inner-bg-size:cover;width:33.333333333333%;width:calc(33.333333333333% - ( ( 4% + 4% ) * 0.33333333333333 ) );\" data-scroll-devices=\"small-visibility,medium-visibility,large-visibility\"><span class=\"fusion-column-inner-bg hover-type-zoomout\"><a class=\"fusion-column-anchor\" href=\"https:\/\/formation.microsept.fr\/\" rel=\"noopener noreferrer\" target=\"_blank\"><span class=\"fusion-column-inner-bg-image\"><\/span><\/a><\/span><div class=\"fusion-column-wrapper fusion-column-has-shadow fusion-flex-column-wrapper-legacy fusion-column-has-bg-image\" data-bg-url=\"https:\/\/laboratoire-microsept.fr\/wp-content\/uploads\/2019\/07\/audit-2-1-e1564128884646.jpg\"><div class=\"fusion-column-content-centered\"><div class=\"fusion-column-content\"><div class=\"fusion-aligncenter\"><a class=\"fusion-button button-flat button-xlarge button-custom fusion-button-default button-3 fusion-button-span-no fusion-button-default-type\" style=\"--button_accent_color:#020202;--button_border_color:#020202;--button_accent_hover_color:#000000;--button_border_hover_color:#000000;--button_gradient_top_color:#ffffff;--button_gradient_bottom_color:#ffffff;--button_gradient_top_color_hover:#ff9800;--button_gradient_bottom_color_hover:#ff9800;--button_text_transform:none;\" target=\"_blank\" rel=\"noopener noreferrer\" href=\"https:\/\/formation.microsept.fr\"><span class=\"fusion-button-text awb-button__text awb-button__text--default\">Audit, conseil<\/span><\/a><\/div><\/div><\/div><div class=\"fusion-clearfix\"><\/div><\/div><\/div><\/div><\/div><div class=\"fusion-fullwidth fullwidth-box fusion-builder-row-2 nonhundred-percent-fullwidth non-hundred-percent-height-scrolling\" style=\"--awb-border-radius-top-left:0px;--awb-border-radius-top-right:0px;--awb-border-radius-bottom-right:0px;--awb-border-radius-bottom-left:0px;--awb-padding-top:20px;--awb-background-color:#00253c;--awb-flex-wrap:wrap;\" ><div class=\"fusion-builder-row fusion-row\"><div class=\"fusion-layout-column fusion_builder_column fusion-builder-column-4 fusion_builder_column_1_1 1_1 fusion-one-full fusion-column-first fusion-column-last\" style=\"--awb-padding-top:20px;--awb-padding-right:10%;--awb-padding-bottom:20px;--awb-padding-left:10%;--awb-bg-color:rgba(247,247,247,0);--awb-bg-color-hover:rgba(247,247,247,0);--awb-bg-size:cover;\"><div class=\"fusion-column-wrapper fusion-column-has-shadow fusion-flex-column-wrapper-legacy\"><div class=\"fusion-column-content-centered\"><div class=\"fusion-column-content\"><div class=\"fusion-title title fusion-title-2 fusion-title-center fusion-title-text fusion-title-size-two\" style=\"--awb-text-color:#ffffff;--awb-margin-top-small:0px;--awb-margin-right-small:0px;--awb-margin-bottom-small:20px;--awb-margin-left-small:0px;--awb-sep-color:#ffffff;--awb-font-size:34px;\"><div class=\"title-sep-container title-sep-container-left\"><div class=\"title-sep sep-single sep-solid\" style=\"border-color:#ffffff;\"><\/div><\/div><span class=\"awb-title-spacer\"><\/span><h2 class=\"fusion-title-heading title-heading-center\" style=\"margin:0;font-size:1em;\">Besoin d&rsquo;aide ?<\/h2><span class=\"awb-title-spacer\"><\/span><div class=\"title-sep-container title-sep-container-right\"><div class=\"title-sep sep-single sep-solid\" style=\"border-color:#ffffff;\"><\/div><\/div><\/div><div class=\"fusion-aligncenter\"><a class=\"fusion-button button-flat button-xlarge button-custom fusion-button-default button-4 fusion-button-default-span fusion-button-default-type\" style=\"--button_accent_color:#ffffff;--button_border_color:#ffffff;--button_accent_hover_color:#000000;--button_border_hover_color:#000000;--button_gradient_top_color:#ff9800;--button_gradient_bottom_color:#ff9800;--button_gradient_top_color_hover:#ffffff;--button_gradient_bottom_color_hover:#ffffff;--button_text_transform:none;\" target=\"_self\" href=\"https:\/\/laboratoire-microsept.fr\/index.php\/nous-contacter\/\"><span class=\"fusion-button-text awb-button__text awb-button__text--default\">Contactez-nous !<\/span><\/a><\/div><\/div><\/div><div class=\"fusion-clearfix\"><\/div><\/div><\/div><\/div><\/div><\/p>\n","protected":false},"excerpt":{"rendered":"","protected":false},"author":11,"featured_media":0,"parent":0,"menu_order":0,"comment_status":"closed","ping_status":"closed","template":"","meta":{"footnotes":""},"class_list":["post-13210","page","type-page","status-publish","hentry"],"_links":{"self":[{"href":"https:\/\/laboratoire-microsept.fr\/index.php\/wp-json\/wp\/v2\/pages\/13210","targetHints":{"allow":["GET"]}}],"collection":[{"href":"https:\/\/laboratoire-microsept.fr\/index.php\/wp-json\/wp\/v2\/pages"}],"about":[{"href":"https:\/\/laboratoire-microsept.fr\/index.php\/wp-json\/wp\/v2\/types\/page"}],"author":[{"embeddable":true,"href":"https:\/\/laboratoire-microsept.fr\/index.php\/wp-json\/wp\/v2\/users\/11"}],"replies":[{"embeddable":true,"href":"https:\/\/laboratoire-microsept.fr\/index.php\/wp-json\/wp\/v2\/comments?post=13210"}],"version-history":[{"count":0,"href":"https:\/\/laboratoire-microsept.fr\/index.php\/wp-json\/wp\/v2\/pages\/13210\/revisions"}],"wp:attachment":[{"href":"https:\/\/laboratoire-microsept.fr\/index.php\/wp-json\/wp\/v2\/media?parent=13210"}],"curies":[{"name":"wp","href":"https:\/\/api.w.org\/{rel}","templated":true}]}}