{"id":13202,"date":"2019-08-01T11:33:57","date_gmt":"2019-08-01T09:33:57","guid":{"rendered":"https:\/\/laboratoire-microsept.fr\/?page_id=13202"},"modified":"2023-03-09T13:54:44","modified_gmt":"2023-03-09T12:54:44","slug":"industrie-alimentaire-hygiene-et-securite","status":"publish","type":"page","link":"https:\/\/laboratoire-microsept.fr\/index.php\/industrie-alimentaire-hygiene-et-securite\/","title":{"rendered":"Industrie alimentaire hygi\u00e8ne et s\u00e9curit\u00e9"},"content":{"rendered":"<p><div class=\"fusion-fullwidth fullwidth-box fusion-builder-row-1 nonhundred-percent-fullwidth non-hundred-percent-height-scrolling\" style=\"--awb-border-radius-top-left:0px;--awb-border-radius-top-right:0px;--awb-border-radius-bottom-right:0px;--awb-border-radius-bottom-left:0px;--awb-padding-right:15%;--awb-padding-left:15%;--awb-flex-wrap:wrap;\" ><div class=\"fusion-builder-row fusion-row\"><div class=\"fusion-layout-column fusion_builder_column fusion-builder-column-0 fusion_builder_column_1_1 1_1 fusion-one-full fusion-column-first fusion-column-last fusion-column-no-min-height fusion-animated\" style=\"--awb-bg-size:cover;\" data-animationType=\"fadeIn\" data-animationDuration=\"0.8\" data-animationOffset=\"top-into-view\"><div class=\"fusion-column-wrapper fusion-column-has-shadow fusion-flex-column-wrapper-legacy\"><div class=\"fusion-title title fusion-title-1 fusion-title-center fusion-title-text fusion-title-size-two\" style=\"--awb-text-color:#595959;--awb-margin-top-small:0px;--awb-margin-right-small:0px;--awb-margin-bottom-small:20px;--awb-margin-left-small:0px;--awb-sep-color:#595959;--awb-font-size:34px;\"><div class=\"title-sep-container title-sep-container-left\"><div class=\"title-sep sep-single sep-solid\" style=\"border-color:#595959;\"><\/div><\/div><span class=\"awb-title-spacer\"><\/span><h2 class=\"fusion-title-heading title-heading-center\" style=\"margin:0;font-size:1em;\"><p class=\"title-heading-center\">Hygi\u00e8ne et s\u00e9curit\u00e9<\/p><\/h2><span class=\"awb-title-spacer\"><\/span><div class=\"title-sep-container title-sep-container-right\"><div class=\"title-sep sep-single sep-solid\" style=\"border-color:#595959;\"><\/div><\/div><\/div><div class=\"fusion-title title fusion-title-2 fusion-sep-none fusion-title-center fusion-title-text fusion-title-size-two\" style=\"--awb-text-color:#595959;--awb-margin-top-small:0px;--awb-margin-right-small:0px;--awb-margin-bottom-small:20px;--awb-margin-left-small:0px;--awb-sep-color:#595959;--awb-font-size:25px;\"><h2 class=\"fusion-title-heading title-heading-center\" style=\"margin:0;font-size:1em;\"><p class=\"title-heading-center\">3 formules vous sont propos\u00e9es afin de r\u00e9pondre au mieux \u00e0 vos attentes<\/p><\/h2><\/div><div class=\"fusion-tabs fusion-tabs-1 classic nav-is-justified horizontal-tabs icon-position-left mobile-mode-accordion\" style=\"--awb-title-border-radius-top-left:0px;--awb-title-border-radius-top-right:0px;--awb-title-border-radius-bottom-right:0px;--awb-title-border-radius-bottom-left:0px;--awb-inactive-color:rgba(233,75,96,0.6);--awb-background-color:#ffffff;--awb-border-color:#ebeaea;--awb-active-border-color:#ff9800;\"><div class=\"nav\"><ul class=\"nav-tabs nav-justified\" role=\"tablist\" aria-orientation=\"horizontal\"><li class=\"active\" role=\"presentation\"><a class=\"tab-link\" data-toggle=\"tab\" role=\"tab\" aria-controls=\"tab-9fca9e2e87ed99877c1\" aria-selected=\"true\" tabindex=\"0\" id=\"fusion-tab-9fca9e2e87ed99877c1\" href=\"#tab-9fca9e2e87ed99877c1\"><h4 class=\"fusion-tab-heading\">Essentielle<\/h4><\/a><\/li><li  role=\"presentation\"><a class=\"tab-link\" data-toggle=\"tab\" role=\"tab\" aria-controls=\"tab-c6cad8230319f096cee\" aria-selected=\"false\" tabindex=\"-1\" id=\"fusion-tab-c6cad8230319f096cee\" href=\"#tab-c6cad8230319f096cee\"><h4 class=\"fusion-tab-heading\">A la carte<\/h4><\/a><\/li><li  role=\"presentation\"><a class=\"tab-link\" data-toggle=\"tab\" role=\"tab\" aria-controls=\"tab-537cb28ceeeb97fdffa\" aria-selected=\"false\" tabindex=\"-1\" id=\"fusion-tab-537cb28ceeeb97fdffa\" href=\"#tab-537cb28ceeeb97fdffa\"><h4 class=\"fusion-tab-heading\">Sur mesure<\/h4><\/a><\/li><\/ul><\/div><div class=\"tab-content\"><div class=\"nav fusion-mobile-tab-nav\"><ul class=\"nav-tabs nav-justified\" role=\"tablist\" aria-orientation=\"horizontal\"><li class=\"active\" role=\"presentation\"><a class=\"tab-link\" data-toggle=\"tab\" role=\"tab\" aria-controls=\"tab-9fca9e2e87ed99877c1\" aria-selected=\"true\" tabindex=\"0\" id=\"mobile-fusion-tab-9fca9e2e87ed99877c1\" href=\"#tab-9fca9e2e87ed99877c1\"><h4 class=\"fusion-tab-heading\">Essentielle<\/h4><\/a><\/li><\/ul><\/div><div class=\"tab-pane fade fusion-clearfix in active\" role=\"tabpanel\" tabindex=\"0\" aria-labelledby=\"fusion-tab-9fca9e2e87ed99877c1\" id=\"tab-9fca9e2e87ed99877c1\">\n<div class=\"fusion-image-element fusion-image-align-right in-legacy-container\" style=\"text-align:right;--awb-max-width:250px;--awb-caption-title-font-family:var(--h2_typography-font-family);--awb-caption-title-font-weight:var(--h2_typography-font-weight);--awb-caption-title-font-style:var(--h2_typography-font-style);--awb-caption-title-size:var(--h2_typography-font-size);--awb-caption-title-transform:var(--h2_typography-text-transform);--awb-caption-title-line-height:var(--h2_typography-line-height);--awb-caption-title-letter-spacing:var(--h2_typography-letter-spacing);\"><span class=\" fusion-imageframe imageframe-none imageframe-1 hover-type-none\" style=\"margin-left:25px;float:right;\"><img decoding=\"async\" width=\"402\" height=\"650\" title=\"formation-essentielle\" src=\"https:\/\/laboratoire-microsept.fr\/wp-content\/uploads\/2023\/03\/I.01.png\" alt class=\"img-responsive wp-image-12663\"\/><\/span><\/div>Programme pr\u00e9\u00e9tabli<\/p>\n<p><strong><br \/><span style=\"color: #e94b60;\">Objectifs<\/span><\/strong><\/p>\n<ul>\n<li>Identifier les dangers susceptibles d\u2019affecter la s\u00e9curit\u00e9 des denr\u00e9es alimentaires<\/li>\n<li>Travailler dans le respect des Bonnes Pratiques d\u2019Hygi\u00e8ne<\/li>\n<li>Utiliser les outils et m\u00e9thodes de pr\u00e9vention<\/li>\n<\/ul>\n<p><span style=\"color: #e94b60;\"><strong>Programme<\/strong><\/span><\/p>\n<ul>\n<li>Les enjeux de la r\u00e9glementation actuelle<\/li>\n<li>Les contaminations potentielles des aliments : origine des contaminations, dangers microbiologiques, dangers chimiques, physiques et allerg\u00e8nes<\/li>\n<li>Les moyens de pr\u00e9vention des contaminations<\/li>\n<li>Le Plan de Ma\u00eetrise Sanitaire<\/li>\n<li>Pr\u00e9sentation de la m\u00e9thode HACCP<\/li>\n<li>Autocontr\u00f4les et\u00a0enregistrements<\/li>\n<\/ul>\n<div class=\"fusion-button-wrapper fusion-alignleft\"><a class=\"fusion-button button-flat button-xlarge button-custom fusion-button-default button-1 fusion-button-default-span fusion-button-default-type\" style=\"--button_accent_color:#000000;--button_accent_hover_color:#ffffff;--button_border_hover_color:#ffffff;--button_gradient_top_color:#f7f7f7;--button_gradient_bottom_color:#f7f7f7;--button_gradient_top_color_hover:#e94b60;--button_gradient_bottom_color_hover:#e94b60;--button_text_transform:none;\" target=\"_self\" href=\"https:\/\/laboratoire-microsept.fr\/index.php\/nous-contacter\/\"><span class=\"fusion-button-text awb-button__text awb-button__text--default\">Contactez-nous<\/span><\/a><\/div><div class=\"fusion-button-wrapper fusion-alignleft\"><a class=\"fusion-button button-flat button-xlarge button-custom fusion-button-default button-2 fusion-button-default-span fusion-button-default-type\" style=\"--button_accent_color:#000000;--button_accent_hover_color:#ffffff;--button_border_hover_color:#ffffff;--button_gradient_top_color:#f7f7f7;--button_gradient_bottom_color:#f7f7f7;--button_gradient_top_color_hover:#e94b60;--button_gradient_bottom_color_hover:#e94b60;--button_text_transform:none;\" target=\"_self\" href=\"https:\/\/laboratoire-microsept.fr\/index.php\/nos-stages-inter-entreprises\/\"><span class=\"fusion-button-text awb-button__text awb-button__text--default\">Calendrier stages INTER<\/span><\/a><\/div>\n<\/div><div class=\"nav fusion-mobile-tab-nav\"><ul class=\"nav-tabs nav-justified\" role=\"tablist\" aria-orientation=\"horizontal\"><li  role=\"presentation\"><a class=\"tab-link\" data-toggle=\"tab\" role=\"tab\" aria-controls=\"tab-c6cad8230319f096cee\" aria-selected=\"false\" tabindex=\"-1\" id=\"mobile-fusion-tab-c6cad8230319f096cee\" href=\"#tab-c6cad8230319f096cee\"><h4 class=\"fusion-tab-heading\">A la carte<\/h4><\/a><\/li><\/ul><\/div><div class=\"tab-pane fade fusion-clearfix\" role=\"tabpanel\" tabindex=\"0\" aria-labelledby=\"fusion-tab-c6cad8230319f096cee\" id=\"tab-c6cad8230319f096cee\">\n<div class=\"fusion-image-element fusion-image-align-right in-legacy-container\" style=\"text-align:right;--awb-max-width:400px;--awb-caption-title-font-family:var(--h2_typography-font-family);--awb-caption-title-font-weight:var(--h2_typography-font-weight);--awb-caption-title-font-style:var(--h2_typography-font-style);--awb-caption-title-size:var(--h2_typography-font-size);--awb-caption-title-transform:var(--h2_typography-text-transform);--awb-caption-title-line-height:var(--h2_typography-line-height);--awb-caption-title-letter-spacing:var(--h2_typography-letter-spacing);\"><span class=\" fusion-imageframe imageframe-none imageframe-2 hover-type-none\" style=\"margin-left:25px;float:right;\"><img decoding=\"async\" width=\"623\" height=\"305\" title=\"logo-action-terrain\" src=\"https:\/\/laboratoire-microsept.fr\/wp-content\/uploads\/2019\/07\/logo-action-terrain.png\" alt class=\"img-responsive wp-image-12662\" srcset=\"https:\/\/laboratoire-microsept.fr\/wp-content\/uploads\/2019\/07\/logo-action-terrain-200x98.png 200w, https:\/\/laboratoire-microsept.fr\/wp-content\/uploads\/2019\/07\/logo-action-terrain-400x196.png 400w, https:\/\/laboratoire-microsept.fr\/wp-content\/uploads\/2019\/07\/logo-action-terrain-600x294.png 600w, https:\/\/laboratoire-microsept.fr\/wp-content\/uploads\/2019\/07\/logo-action-terrain.png 623w\" sizes=\"(max-width: 800px) 100vw, 623px\" \/><\/span><\/div>Programme adaptable \u00e0 vos probl\u00e9matiques selon les th\u00e9matiques list\u00e9es<\/p>\n<p><span style=\"color: #e94b60;\"><strong>R\u00e9glementation<\/strong><\/span><\/p>\n<ul>\n<li>Environnement r\u00e9glementaire et exigences des clients<\/li>\n<li>HACCP<\/li>\n<li>FOOD D\u00c9FENSE<\/li>\n<li>IFS \/ BRCGS<\/li>\n<\/ul>\n<p style=\"text-align: left;\"><span style=\"color: #e94b60;\"><strong>Qualit\u00e9, hygi\u00e8ne et s\u00e9curit\u00e9<\/strong><\/span><\/p>\n<ul>\n<li style=\"text-align: left;\">Les 4 dangers dans le domaine alimentaire<\/li>\n<li style=\"text-align: left;\">Les corps \u00e9trangers<\/li>\n<li style=\"text-align: left;\">Les allerg\u00e8nes<\/li>\n<li style=\"text-align: left;\">Le monde microbien<\/li>\n<li style=\"text-align: left;\">Les bonnes pratiques d\u2019hygi\u00e8ne adapt\u00e9es \u00e0 votre activit\u00e9<\/li>\n<li style=\"text-align: left;\">Les bonnes pratiques \u00e0 respecter par le service maintenance<\/li>\n<li style=\"text-align: left;\">La gestion des contaminations crois\u00e9es<\/li>\n<li style=\"text-align: left;\">La gestion des non-conformit\u00e9s<\/li>\n<li style=\"text-align: left;\">La gestion de la tra\u00e7abilit\u00e9<\/li>\n<li style=\"text-align: left;\">Nettoyage et d\u00e9sinfection (T.A.C.T)<\/li>\n<li style=\"text-align: left;\">La s\u00e9curit\u00e9 du personnel<\/li>\n<li style=\"text-align: left;\">Audit hygi\u00e8ne \u2013 S\u00e9curit\u00e9 en zone de production<\/li>\n<\/ul>\n<div class=\"fusion-button-wrapper fusion-alignleft\"><a class=\"fusion-button button-flat button-xlarge button-custom fusion-button-default button-3 fusion-button-default-span fusion-button-default-type\" style=\"--button_accent_color:#000000;--button_accent_hover_color:#ffffff;--button_border_hover_color:#ffffff;--button_gradient_top_color:#f7f7f7;--button_gradient_bottom_color:#f7f7f7;--button_gradient_top_color_hover:#e94b60;--button_gradient_bottom_color_hover:#e94b60;--button_text_transform:none;\" target=\"_self\" href=\"https:\/\/laboratoire-microsept.fr\/index.php\/nous-contacter\/\"><span class=\"fusion-button-text awb-button__text awb-button__text--default\">Contactez-nous<\/span><\/a><\/div>\n<\/div><div class=\"nav fusion-mobile-tab-nav\"><ul class=\"nav-tabs nav-justified\" role=\"tablist\" aria-orientation=\"horizontal\"><li  role=\"presentation\"><a class=\"tab-link\" data-toggle=\"tab\" role=\"tab\" aria-controls=\"tab-537cb28ceeeb97fdffa\" aria-selected=\"false\" tabindex=\"-1\" id=\"mobile-fusion-tab-537cb28ceeeb97fdffa\" href=\"#tab-537cb28ceeeb97fdffa\"><h4 class=\"fusion-tab-heading\">Sur mesure<\/h4><\/a><\/li><\/ul><\/div><div class=\"tab-pane fade fusion-clearfix\" role=\"tabpanel\" tabindex=\"0\" aria-labelledby=\"fusion-tab-537cb28ceeeb97fdffa\" id=\"tab-537cb28ceeeb97fdffa\">\n<p>Formule sur mesure sur une th\u00e9matique non cit\u00e9e sur la formule \u00e0 la carte et cr\u00e9ation d\u2019un programme 100% adapt\u00e9 aux exigences de votre c\u0153ur de m\u00e9tier, de votre environnement et de votre structure.<br \/>\nContacter Delphine Renou \u00e0 l\u2019adresse d.renou@microsept.fr pour plus de renseignements.<\/p>\n<div class=\"fusion-button-wrapper fusion-alignleft\"><a class=\"fusion-button button-flat button-xlarge button-custom fusion-button-default button-4 fusion-button-default-span fusion-button-default-type\" style=\"--button_accent_color:#000000;--button_accent_hover_color:#ffffff;--button_border_hover_color:#ffffff;--button_gradient_top_color:#f7f7f7;--button_gradient_bottom_color:#f7f7f7;--button_gradient_top_color_hover:#e94b60;--button_gradient_bottom_color_hover:#e94b60;--button_text_transform:none;\" target=\"_self\" href=\"https:\/\/laboratoire-microsept.fr\/index.php\/nous-contacter\/\"><span class=\"fusion-button-text awb-button__text awb-button__text--default\">Contactez-nous<\/span><\/a><\/div>\n<\/div><\/div><\/div><div class=\"fusion-clearfix\"><\/div><\/div><\/div><\/div><\/div><div class=\"fusion-fullwidth fullwidth-box fusion-builder-row-2 nonhundred-percent-fullwidth non-hundred-percent-height-scrolling fusion-equal-height-columns\" style=\"--awb-border-radius-top-left:0px;--awb-border-radius-top-right:0px;--awb-border-radius-bottom-right:0px;--awb-border-radius-bottom-left:0px;--awb-padding-right:15%;--awb-padding-left:15%;--awb-flex-wrap:wrap;\" ><div class=\"fusion-builder-row fusion-row\"><div class=\"fusion-layout-column fusion_builder_column fusion-builder-column-1 fusion_builder_column_1_1 1_1 fusion-one-full fusion-column-first fusion-column-last\" style=\"--awb-bg-size:cover;\"><div class=\"fusion-column-wrapper fusion-column-has-shadow fusion-flex-column-wrapper-legacy\"><div class=\"fusion-title title fusion-title-3 fusion-title-center fusion-title-text fusion-title-size-two\" style=\"--awb-text-color:#595959;--awb-margin-top-small:0px;--awb-margin-right-small:0px;--awb-margin-bottom-small:20px;--awb-margin-left-small:0px;--awb-sep-color:#595959;--awb-font-size:34px;\"><div class=\"title-sep-container title-sep-container-left\"><div class=\"title-sep sep-single sep-solid\" style=\"border-color:#595959;\"><\/div><\/div><span class=\"awb-title-spacer\"><\/span><h2 class=\"fusion-title-heading title-heading-center\" style=\"margin:0;font-size:1em;\">Formations en industrie alimentaire<\/h2><span class=\"awb-title-spacer\"><\/span><div class=\"title-sep-container title-sep-container-right\"><div class=\"title-sep sep-single sep-solid\" style=\"border-color:#595959;\"><\/div><\/div><\/div><div class=\"fusion-clearfix\"><\/div><\/div><\/div><\/div><\/div><div class=\"fusion-fullwidth fullwidth-box fusion-builder-row-3 nonhundred-percent-fullwidth non-hundred-percent-height-scrolling fusion-equal-height-columns\" style=\"--awb-border-radius-top-left:0px;--awb-border-radius-top-right:0px;--awb-border-radius-bottom-right:0px;--awb-border-radius-bottom-left:0px;--awb-padding-right:15%;--awb-padding-bottom:30px;--awb-padding-left:15%;--awb-flex-wrap:wrap;\" ><div class=\"fusion-builder-row fusion-row\"><div class=\"fusion-layout-column fusion_builder_column fusion-builder-column-2 fusion_builder_column_1_4 1_4 fusion-one-fourth fusion-column-first fusion-column-inner-bg-wrapper\" style=\"--awb-padding-top:80px;--awb-padding-right:5px;--awb-padding-bottom:80px;--awb-padding-left:5px;--awb-inner-bg-color:rgba(0,0,0,0.77);--awb-inner-bg-color-hover:rgba(0,0,0,0.77);--awb-inner-bg-image:url(&#039;https:\/\/laboratoire-microsept.fr\/wp-content\/uploads\/2019\/12\/AdobeStock_146379681-1024x683.jpeg&#039;);--awb-inner-bg-position:center center;--awb-inner-bg-blend:overlay;--awb-inner-bg-size:cover;width:25%;width:calc(25% - ( ( 4% + 4% + 4% ) * 0.25 ) );margin-right: 4%;\"><span class=\"fusion-column-inner-bg hover-type-zoomout\"><a class=\"fusion-column-anchor\" href=\"https:\/\/laboratoire-microsept.fr\/index.php\/industrie-alimentaire-hygiene-et-securite\/\"><span class=\"fusion-column-inner-bg-image\"><\/span><\/a><\/span><div class=\"fusion-column-wrapper fusion-column-has-shadow fusion-flex-column-wrapper-legacy fusion-column-has-bg-image\" data-bg-url=\"https:\/\/laboratoire-microsept.fr\/wp-content\/uploads\/2019\/12\/AdobeStock_146379681-1024x683.jpeg\"><div class=\"fusion-column-content-centered\"><div class=\"fusion-column-content\"><div class=\"fusion-button-wrapper fusion-aligncenter\"><a class=\"fusion-button button-flat button-xlarge button-custom fusion-button-default button-5 fusion-button-span-no fusion-button-default-type\" style=\"--button_accent_color:#020202;--button_border_color:#020202;--button_accent_hover_color:#000000;--button_border_hover_color:#000000;--button_border_width-top:0px;--button_border_width-right:0px;--button_border_width-bottom:0px;--button_border_width-left:0px;--button_gradient_top_color:#ffffff;--button_gradient_bottom_color:#ffffff;--button_gradient_top_color_hover:#ff9800;--button_gradient_bottom_color_hover:#ff9800;--button_text_transform:none;\" target=\"_self\" href=\"https:\/\/laboratoire-microsept.fr\/index.php\/sous-analayse\/\"><span class=\"fusion-button-text awb-button__text awb-button__text--default\">Hygi\u00e8ne et s\u00e9curit\u00e9<\/span><\/a><\/div><\/div><\/div><div class=\"fusion-clearfix\"><\/div><\/div><\/div><div class=\"fusion-layout-column fusion_builder_column fusion-builder-column-3 fusion_builder_column_1_4 1_4 fusion-one-fourth fusion-column-inner-bg-wrapper\" style=\"--awb-padding-top:80px;--awb-padding-right:5px;--awb-padding-bottom:80px;--awb-padding-left:5px;--awb-inner-bg-image:url(&#039;https:\/\/laboratoire-microsept.fr\/wp-content\/uploads\/2019\/12\/AdobeStock_230581044-1024x679.jpeg&#039;);--awb-inner-bg-position:center center;--awb-inner-bg-size:cover;width:25%;width:calc(25% - ( ( 4% + 4% + 4% ) * 0.25 ) );margin-right: 4%;\"><span class=\"fusion-column-inner-bg hover-type-zoomout\"><a class=\"fusion-column-anchor\" href=\"https:\/\/laboratoire-microsept.fr\/index.php\/industrie-alimentaire-reglementation\/\"><span class=\"fusion-column-inner-bg-image\"><\/span><\/a><\/span><div class=\"fusion-column-wrapper fusion-column-has-shadow fusion-flex-column-wrapper-legacy fusion-column-has-bg-image\" data-bg-url=\"https:\/\/laboratoire-microsept.fr\/wp-content\/uploads\/2019\/12\/AdobeStock_230581044-1024x679.jpeg\"><div class=\"fusion-column-content-centered\"><div class=\"fusion-column-content\"><div class=\"fusion-button-wrapper fusion-aligncenter\"><a class=\"fusion-button button-flat button-xlarge button-custom fusion-button-default button-6 fusion-button-span-no fusion-button-default-type\" style=\"--button_accent_color:#020202;--button_border_color:#020202;--button_accent_hover_color:#000000;--button_border_hover_color:#000000;--button_gradient_top_color:#ffffff;--button_gradient_bottom_color:#ffffff;--button_gradient_top_color_hover:#ff9800;--button_gradient_bottom_color_hover:#ff9800;--button_text_transform:none;\" target=\"_self\" href=\"https:\/\/laboratoire-microsept.fr\/index.php\/sous-analayse\/\"><span class=\"fusion-button-text awb-button__text awb-button__text--default\">R\u00e9glementation<\/span><\/a><\/div><\/div><\/div><div class=\"fusion-clearfix\"><\/div><\/div><\/div><div class=\"fusion-layout-column fusion_builder_column fusion-builder-column-4 fusion_builder_column_1_4 1_4 fusion-one-fourth fusion-column-inner-bg-wrapper\" style=\"--awb-padding-top:80px;--awb-padding-right:5px;--awb-padding-bottom:80px;--awb-padding-left:5px;--awb-inner-bg-image:url(&#039;https:\/\/laboratoire-microsept.fr\/wp-content\/uploads\/2019\/12\/AdobeStock_135083942-1024x683.jpeg&#039;);--awb-inner-bg-position:center center;--awb-inner-bg-size:cover;width:25%;width:calc(25% - ( ( 4% + 4% + 4% ) * 0.25 ) );margin-right: 4%;\"><span class=\"fusion-column-inner-bg hover-type-zoomout\"><a class=\"fusion-column-anchor\" href=\"https:\/\/laboratoire-microsept.fr\/index.php\/industrie-alimentaire-qualite\/\"><span class=\"fusion-column-inner-bg-image\"><\/span><\/a><\/span><div class=\"fusion-column-wrapper fusion-column-has-shadow fusion-flex-column-wrapper-legacy fusion-column-has-bg-image\" data-bg-url=\"https:\/\/laboratoire-microsept.fr\/wp-content\/uploads\/2019\/12\/AdobeStock_135083942-1024x683.jpeg\"><div class=\"fusion-column-content-centered\"><div class=\"fusion-column-content\"><div class=\"fusion-button-wrapper fusion-aligncenter\"><a class=\"fusion-button button-flat button-xlarge button-custom fusion-button-default button-7 fusion-button-span-no fusion-button-default-type\" style=\"--button_accent_color:#020202;--button_border_color:#020202;--button_accent_hover_color:#000000;--button_border_hover_color:#000000;--button_gradient_top_color:#ffffff;--button_gradient_bottom_color:#ffffff;--button_gradient_top_color_hover:#ff9800;--button_gradient_bottom_color_hover:#ff9800;--button_text_transform:none;\" target=\"_self\" href=\"https:\/\/laboratoire-microsept.fr\/index.php\/sous-analayse\/\"><span class=\"fusion-button-text awb-button__text awb-button__text--default\">Qualit\u00e9<\/span><\/a><\/div><\/div><\/div><div class=\"fusion-clearfix\"><\/div><\/div><\/div><div class=\"fusion-layout-column fusion_builder_column fusion-builder-column-5 fusion_builder_column_1_4 1_4 fusion-one-fourth fusion-column-last fusion-column-inner-bg-wrapper\" style=\"--awb-padding-top:80px;--awb-padding-right:5px;--awb-padding-bottom:80px;--awb-padding-left:5px;--awb-inner-bg-image:url(&#039;https:\/\/laboratoire-microsept.fr\/wp-content\/uploads\/2019\/12\/AdobeStock_137912657-1024x724.jpeg&#039;);--awb-inner-bg-position:center center;--awb-inner-bg-size:cover;width:25%;width:calc(25% - ( ( 4% + 4% + 4% ) * 0.25 ) );\"><span class=\"fusion-column-inner-bg hover-type-zoomout\"><a class=\"fusion-column-anchor\" href=\"https:\/\/laboratoire-microsept.fr\/index.php\/industrie-alimentaire-microbiologie\/\"><span class=\"fusion-column-inner-bg-image\"><\/span><\/a><\/span><div class=\"fusion-column-wrapper fusion-column-has-shadow fusion-flex-column-wrapper-legacy fusion-column-has-bg-image\" data-bg-url=\"https:\/\/laboratoire-microsept.fr\/wp-content\/uploads\/2019\/12\/AdobeStock_137912657-1024x724.jpeg\"><div class=\"fusion-column-content-centered\"><div class=\"fusion-column-content\"><div class=\"fusion-button-wrapper fusion-aligncenter\"><a class=\"fusion-button button-flat button-xlarge button-custom fusion-button-default button-8 fusion-button-span-no fusion-button-default-type\" style=\"--button_accent_color:#020202;--button_border_color:#020202;--button_accent_hover_color:#000000;--button_border_hover_color:#000000;--button_gradient_top_color:#ffffff;--button_gradient_bottom_color:#ffffff;--button_gradient_top_color_hover:#ff9800;--button_gradient_bottom_color_hover:#ff9800;--button_text_transform:none;\" target=\"_self\" href=\"https:\/\/laboratoire-microsept.fr\/index.php\/sous-analayse\/\"><span class=\"fusion-button-text awb-button__text awb-button__text--default\">Microbiologie<\/span><\/a><\/div><\/div><\/div><div class=\"fusion-clearfix\"><\/div><\/div><\/div><\/div><\/div><div class=\"fusion-fullwidth fullwidth-box fusion-builder-row-4 nonhundred-percent-fullwidth non-hundred-percent-height-scrolling\" style=\"--awb-border-radius-top-left:0px;--awb-border-radius-top-right:0px;--awb-border-radius-bottom-right:0px;--awb-border-radius-bottom-left:0px;--awb-padding-top:20px;--awb-padding-right:15%;--awb-padding-left:15%;--awb-background-color:#00253c;--awb-flex-wrap:wrap;\" ><div class=\"fusion-builder-row fusion-row\"><div class=\"fusion-layout-column fusion_builder_column fusion-builder-column-6 fusion_builder_column_1_1 1_1 fusion-one-full fusion-column-first fusion-column-last\" style=\"--awb-padding-top:20px;--awb-padding-bottom:20px;--awb-bg-color:rgba(247,247,247,0);--awb-bg-color-hover:rgba(247,247,247,0);--awb-bg-size:cover;\"><div class=\"fusion-column-wrapper fusion-column-has-shadow fusion-flex-column-wrapper-legacy\"><div class=\"fusion-column-content-centered\"><div class=\"fusion-column-content\"><div class=\"fusion-title title fusion-title-4 fusion-title-center fusion-title-text fusion-title-size-two\" style=\"--awb-text-color:#ffffff;--awb-margin-top-small:0px;--awb-margin-right-small:0px;--awb-margin-bottom-small:20px;--awb-margin-left-small:0px;--awb-sep-color:#ffffff;--awb-font-size:34px;\"><div class=\"title-sep-container title-sep-container-left\"><div class=\"title-sep sep-single sep-solid\" style=\"border-color:#ffffff;\"><\/div><\/div><span class=\"awb-title-spacer\"><\/span><h2 class=\"fusion-title-heading title-heading-center\" style=\"margin:0;font-size:1em;\">Besoin d&rsquo;aide ?<\/h2><span class=\"awb-title-spacer\"><\/span><div class=\"title-sep-container title-sep-container-right\"><div class=\"title-sep sep-single sep-solid\" style=\"border-color:#ffffff;\"><\/div><\/div><\/div><div class=\"fusion-button-wrapper fusion-aligncenter\"><a class=\"fusion-button button-flat button-xlarge button-custom fusion-button-default button-9 fusion-button-default-span fusion-button-default-type\" style=\"--button_accent_color:#ffffff;--button_border_color:#ffffff;--button_accent_hover_color:#000000;--button_border_hover_color:#000000;--button_gradient_top_color:#ff9800;--button_gradient_bottom_color:#ff9800;--button_gradient_top_color_hover:#ffffff;--button_gradient_bottom_color_hover:#ffffff;--button_text_transform:none;\" target=\"_self\" href=\"https:\/\/laboratoire-microsept.fr\/index.php\/nous-contacter\/\"><span class=\"fusion-button-text awb-button__text awb-button__text--default\">Contactez-nous !<\/span><\/a><\/div><\/div><\/div><div class=\"fusion-clearfix\"><\/div><\/div><\/div><\/div><\/div><\/p>\n","protected":false},"excerpt":{"rendered":"","protected":false},"author":11,"featured_media":0,"parent":0,"menu_order":0,"comment_status":"closed","ping_status":"closed","template":"","meta":{"footnotes":""},"class_list":["post-13202","page","type-page","status-publish","hentry"],"_links":{"self":[{"href":"https:\/\/laboratoire-microsept.fr\/index.php\/wp-json\/wp\/v2\/pages\/13202","targetHints":{"allow":["GET"]}}],"collection":[{"href":"https:\/\/laboratoire-microsept.fr\/index.php\/wp-json\/wp\/v2\/pages"}],"about":[{"href":"https:\/\/laboratoire-microsept.fr\/index.php\/wp-json\/wp\/v2\/types\/page"}],"author":[{"embeddable":true,"href":"https:\/\/laboratoire-microsept.fr\/index.php\/wp-json\/wp\/v2\/users\/11"}],"replies":[{"embeddable":true,"href":"https:\/\/laboratoire-microsept.fr\/index.php\/wp-json\/wp\/v2\/comments?post=13202"}],"version-history":[{"count":0,"href":"https:\/\/laboratoire-microsept.fr\/index.php\/wp-json\/wp\/v2\/pages\/13202\/revisions"}],"wp:attachment":[{"href":"https:\/\/laboratoire-microsept.fr\/index.php\/wp-json\/wp\/v2\/media?parent=13202"}],"curies":[{"name":"wp","href":"https:\/\/api.w.org\/{rel}","templated":true}]}}