{"id":12616,"date":"2019-07-22T18:00:04","date_gmt":"2019-07-22T16:00:04","guid":{"rendered":"https:\/\/laboratoire-microsept.fr\/?page_id=12616"},"modified":"2019-12-18T15:01:15","modified_gmt":"2019-12-18T14:01:15","slug":"grande-distribution","status":"publish","type":"page","link":"https:\/\/laboratoire-microsept.fr\/index.php\/grande-distribution\/","title":{"rendered":"Formation sr Grande distribution"},"content":{"rendered":"<p><div class=\"fusion-fullwidth fullwidth-box fusion-builder-row-1 nonhundred-percent-fullwidth non-hundred-percent-height-scrolling fusion-equal-height-columns\" style=\"--awb-border-radius-top-left:0px;--awb-border-radius-top-right:0px;--awb-border-radius-bottom-right:0px;--awb-border-radius-bottom-left:0px;--awb-padding-right:15%;--awb-padding-left:15%;--awb-flex-wrap:wrap;\" ><div class=\"fusion-builder-row fusion-row\"><div class=\"fusion-layout-column fusion_builder_column fusion-builder-column-0 fusion_builder_column_1_1 1_1 fusion-one-full fusion-column-first fusion-column-last\" style=\"--awb-bg-size:cover;\"><div class=\"fusion-column-wrapper fusion-column-has-shadow fusion-flex-column-wrapper-legacy\"><div class=\"fusion-title title fusion-title-1 fusion-title-center fusion-title-text fusion-title-size-two\" style=\"--awb-text-color:#595959;--awb-margin-top-small:0px;--awb-margin-right-small:0px;--awb-margin-bottom-small:20px;--awb-margin-left-small:0px;--awb-sep-color:#595959;--awb-font-size:34px;\"><div class=\"title-sep-container title-sep-container-left\"><div class=\"title-sep sep-single sep-solid\" style=\"border-color:#595959;\"><\/div><\/div><span class=\"awb-title-spacer\"><\/span><h2 class=\"fusion-title-heading title-heading-center\" style=\"margin:0;font-size:1em;\">Formations en grande distribution<\/h2><span class=\"awb-title-spacer\"><\/span><div class=\"title-sep-container title-sep-container-right\"><div class=\"title-sep sep-single sep-solid\" style=\"border-color:#595959;\"><\/div><\/div><\/div><div class=\"fusion-clearfix\"><\/div><\/div><\/div><\/div><\/div><div class=\"fusion-fullwidth fullwidth-box fusion-builder-row-2 nonhundred-percent-fullwidth non-hundred-percent-height-scrolling fusion-equal-height-columns\" style=\"--awb-border-radius-top-left:0px;--awb-border-radius-top-right:0px;--awb-border-radius-bottom-right:0px;--awb-border-radius-bottom-left:0px;--awb-padding-right:15%;--awb-padding-left:15%;--awb-flex-wrap:wrap;\" ><div class=\"fusion-builder-row fusion-row\"><div class=\"fusion-layout-column fusion_builder_column fusion-builder-column-1 fusion_builder_column_1_4 1_4 fusion-one-fourth fusion-column-first fusion-column-inner-bg-wrapper\" style=\"--awb-padding-top:80px;--awb-padding-right:5px;--awb-padding-bottom:80px;--awb-padding-left:5px;--awb-inner-bg-image:url(&#039;https:\/\/laboratoire-microsept.fr\/wp-content\/uploads\/2019\/12\/AdobeStock_146379681-1024x683.jpeg&#039;);--awb-inner-bg-position:center center;--awb-inner-bg-size:cover;width:25%;width:calc(25% - ( ( 2% + 2% + 2% ) * 0.25 ) );margin-right: 2%;\"><span class=\"fusion-column-inner-bg hover-type-zoomout\"><a class=\"fusion-column-anchor\" href=\"https:\/\/laboratoire-microsept.fr\/index.php\/grande-distribution-hygiene-et-securite\/\"><span class=\"fusion-column-inner-bg-image\"><\/span><\/a><\/span><div class=\"fusion-column-wrapper fusion-column-has-shadow fusion-flex-column-wrapper-legacy fusion-column-has-bg-image\" data-bg-url=\"https:\/\/laboratoire-microsept.fr\/wp-content\/uploads\/2019\/12\/AdobeStock_146379681-1024x683.jpeg\"><div class=\"fusion-column-content-centered\"><div class=\"fusion-column-content\"><div class=\"fusion-button-wrapper fusion-aligncenter\"><a class=\"fusion-button button-flat button-xlarge button-custom fusion-button-default button-1 fusion-button-span-no fusion-button-default-type\" style=\"--button_accent_color:#020202;--button_accent_hover_color:#000000;--button_border_hover_color:#000000;--button_border_width-top:0;--button_border_width-right:0;--button_border_width-bottom:0;--button_border_width-left:0;--button_gradient_top_color:#ffffff;--button_gradient_bottom_color:#ffffff;--button_gradient_top_color_hover:#ff9800;--button_gradient_bottom_color_hover:#ff9800;--button_text_transform:none;\" target=\"_self\" href=\"https:\/\/laboratoire-microsept.fr\/index.php\/sous-analayse\/\"><span class=\"fusion-button-text awb-button__text awb-button__text--default\">Hygi\u00e8ne et s\u00e9curit\u00e9<\/span><\/a><\/div><\/div><\/div><div class=\"fusion-clearfix\"><\/div><\/div><\/div><div class=\"fusion-layout-column fusion_builder_column fusion-builder-column-2 fusion_builder_column_1_4 1_4 fusion-one-fourth fusion-column-inner-bg-wrapper\" style=\"--awb-padding-top:80px;--awb-padding-right:5px;--awb-padding-bottom:80px;--awb-padding-left:5px;--awb-inner-bg-image:url(&#039;https:\/\/laboratoire-microsept.fr\/wp-content\/uploads\/2019\/12\/AdobeStock_230581044-1024x679.jpeg&#039;);--awb-inner-bg-position:center center;--awb-inner-bg-size:cover;width:25%;width:calc(25% - ( ( 2% + 2% + 2% ) * 0.25 ) );margin-right: 2%;\"><span class=\"fusion-column-inner-bg hover-type-zoomout\"><a class=\"fusion-column-anchor\" href=\"https:\/\/laboratoire-microsept.fr\/index.php\/grande-distribution-reglementation\/\"><span class=\"fusion-column-inner-bg-image\"><\/span><\/a><\/span><div class=\"fusion-column-wrapper fusion-column-has-shadow fusion-flex-column-wrapper-legacy fusion-column-has-bg-image\" data-bg-url=\"https:\/\/laboratoire-microsept.fr\/wp-content\/uploads\/2019\/12\/AdobeStock_230581044-1024x679.jpeg\"><div class=\"fusion-column-content-centered\"><div class=\"fusion-column-content\"><div class=\"fusion-button-wrapper fusion-aligncenter\"><a class=\"fusion-button button-flat button-xlarge button-custom fusion-button-default button-2 fusion-button-span-no fusion-button-default-type\" style=\"--button_accent_color:#020202;--button_accent_hover_color:#000000;--button_border_hover_color:#000000;--button_border_width-top:0;--button_border_width-right:0;--button_border_width-bottom:0;--button_border_width-left:0;--button_gradient_top_color:#ffffff;--button_gradient_bottom_color:#ffffff;--button_gradient_top_color_hover:#ff9800;--button_gradient_bottom_color_hover:#ff9800;--button_text_transform:none;\" target=\"_self\" href=\"https:\/\/laboratoire-microsept.fr\/index.php\/sous-analayse\/\"><span class=\"fusion-button-text awb-button__text awb-button__text--default\">R\u00e9glementation<\/span><\/a><\/div><\/div><\/div><div class=\"fusion-clearfix\"><\/div><\/div><\/div><div class=\"fusion-layout-column fusion_builder_column fusion-builder-column-3 fusion_builder_column_1_4 1_4 fusion-one-fourth fusion-column-inner-bg-wrapper\" style=\"--awb-padding-top:80px;--awb-padding-right:5px;--awb-padding-bottom:80px;--awb-padding-left:5px;--awb-inner-bg-image:url(&#039;https:\/\/laboratoire-microsept.fr\/wp-content\/uploads\/2019\/12\/AdobeStock_135083942-1024x683.jpeg&#039;);--awb-inner-bg-position:center center;--awb-inner-bg-size:cover;width:25%;width:calc(25% - ( ( 2% + 2% + 2% ) * 0.25 ) );margin-right: 2%;\"><span class=\"fusion-column-inner-bg hover-type-zoomout\"><a class=\"fusion-column-anchor\" href=\"https:\/\/laboratoire-microsept.fr\/index.php\/grande-distribution-qualite\/\"><span class=\"fusion-column-inner-bg-image\"><\/span><\/a><\/span><div class=\"fusion-column-wrapper fusion-column-has-shadow fusion-flex-column-wrapper-legacy fusion-column-has-bg-image\" data-bg-url=\"https:\/\/laboratoire-microsept.fr\/wp-content\/uploads\/2019\/12\/AdobeStock_135083942-1024x683.jpeg\"><div class=\"fusion-column-content-centered\"><div class=\"fusion-column-content\"><div class=\"fusion-button-wrapper fusion-aligncenter\"><a class=\"fusion-button button-flat button-xlarge button-custom fusion-button-default button-3 fusion-button-span-no fusion-button-default-type\" style=\"--button_accent_color:#020202;--button_accent_hover_color:#000000;--button_border_hover_color:#000000;--button_border_width-top:0;--button_border_width-right:0;--button_border_width-bottom:0;--button_border_width-left:0;--button_gradient_top_color:#ffffff;--button_gradient_bottom_color:#ffffff;--button_gradient_top_color_hover:#ff9800;--button_gradient_bottom_color_hover:#ff9800;--button_text_transform:none;\" target=\"_self\" href=\"https:\/\/laboratoire-microsept.fr\/index.php\/sous-analayse\/\"><span class=\"fusion-button-text awb-button__text awb-button__text--default\">Qualit\u00e9<\/span><\/a><\/div><\/div><\/div><div class=\"fusion-clearfix\"><\/div><\/div><\/div><div class=\"fusion-layout-column fusion_builder_column fusion-builder-column-4 fusion_builder_column_1_4 1_4 fusion-one-fourth fusion-column-last fusion-column-inner-bg-wrapper\" style=\"--awb-padding-top:80px;--awb-padding-right:5px;--awb-padding-bottom:80px;--awb-padding-left:5px;--awb-inner-bg-image:url(&#039;https:\/\/laboratoire-microsept.fr\/wp-content\/uploads\/2019\/12\/AdobeStock_137912657-1024x724.jpeg&#039;);--awb-inner-bg-position:center center;--awb-inner-bg-size:cover;width:25%;width:calc(25% - ( ( 2% + 2% + 2% ) * 0.25 ) );\"><span class=\"fusion-column-inner-bg hover-type-zoomout\"><a class=\"fusion-column-anchor\" href=\"https:\/\/laboratoire-microsept.fr\/index.php\/grande-distribution-microbiologie\/\"><span class=\"fusion-column-inner-bg-image\"><\/span><\/a><\/span><div class=\"fusion-column-wrapper fusion-column-has-shadow fusion-flex-column-wrapper-legacy fusion-column-has-bg-image\" data-bg-url=\"https:\/\/laboratoire-microsept.fr\/wp-content\/uploads\/2019\/12\/AdobeStock_137912657-1024x724.jpeg\"><div class=\"fusion-column-content-centered\"><div class=\"fusion-column-content\"><div class=\"fusion-button-wrapper fusion-aligncenter\"><a class=\"fusion-button button-flat button-xlarge button-custom fusion-button-default button-4 fusion-button-span-no fusion-button-default-type\" style=\"--button_accent_color:#020202;--button_accent_hover_color:#000000;--button_border_hover_color:#000000;--button_border_width-top:0;--button_border_width-right:0;--button_border_width-bottom:0;--button_border_width-left:0;--button_gradient_top_color:#ffffff;--button_gradient_bottom_color:#ffffff;--button_gradient_top_color_hover:#ff9800;--button_gradient_bottom_color_hover:#ff9800;--button_text_transform:none;\" target=\"_self\" href=\"https:\/\/laboratoire-microsept.fr\/index.php\/sous-analayse\/\"><span class=\"fusion-button-text awb-button__text awb-button__text--default\">Microbiologie<\/span><\/a><\/div><\/div><\/div><div class=\"fusion-clearfix\"><\/div><\/div><\/div><\/div><\/div><div class=\"fusion-fullwidth fullwidth-box fusion-builder-row-3 nonhundred-percent-fullwidth non-hundred-percent-height-scrolling\" style=\"--awb-border-radius-top-left:0px;--awb-border-radius-top-right:0px;--awb-border-radius-bottom-right:0px;--awb-border-radius-bottom-left:0px;--awb-padding-top:30px;--awb-padding-right:15%;--awb-padding-left:15%;--awb-flex-wrap:wrap;\" ><div class=\"fusion-builder-row fusion-row\"><div class=\"fusion-layout-column fusion_builder_column fusion-builder-column-5 fusion_builder_column_1_1 1_1 fusion-one-full fusion-column-first fusion-column-last\" style=\"--awb-bg-size:cover;\"><div class=\"fusion-column-wrapper fusion-column-has-shadow fusion-flex-column-wrapper-legacy\"><div class=\"fusion-title title fusion-title-2 fusion-title-center fusion-title-text fusion-title-size-two\" style=\"--awb-text-color:#595959;--awb-margin-bottom:20px;--awb-margin-top-small:0px;--awb-margin-right-small:0px;--awb-margin-bottom-small:20px;--awb-margin-left-small:0px;--awb-sep-color:#595959;--awb-font-size:34px;\"><div class=\"title-sep-container title-sep-container-left\"><div class=\"title-sep sep-single sep-solid\" style=\"border-color:#595959;\"><\/div><\/div><span class=\"awb-title-spacer\"><\/span><h2 class=\"fusion-title-heading title-heading-center\" style=\"margin:0;font-size:1em;\">Ils nous font confiance<\/h2><span class=\"awb-title-spacer\"><\/span><div class=\"title-sep-container title-sep-container-right\"><div class=\"title-sep sep-single sep-solid\" style=\"border-color:#595959;\"><\/div><\/div><\/div><div class=\"fusion-image-carousel fusion-image-carousel-auto fusion-image-carousel-1\"><div class=\"awb-carousel awb-swiper awb-swiper-carousel awb-carousel--carousel awb-swiper-dots-position-bottom\" data-layout=\"carousel\" data-autoplay=\"yes\" data-autoplayspeed=\"2500\" data-autoplaypause=\"no\" data-loop=\"yes\" data-columns=\"5\" data-columnsmedium=\"1\" data-columnssmall=\"1\" data-itemmargin=\"13\" data-itemwidth=\"180\" data-touchscroll=\"no\" data-freemode=\"no\" data-imagesize=\"auto\" data-scrollitems=\"1\" data-centeredslides=\"no\" data-rotationangle=\"50\" data-depth=\"100\" data-speed=\"500\" data-shadow=\"no\" data-pagination=\"bullets\"><div class=\"swiper-wrapper awb-image-carousel-wrapper fusion-flex-align-items-center\"><div class=\"swiper-slide\"><div class=\"fusion-carousel-item-wrapper\"><div class=\"fusion-image-wrapper hover-type-none\"><img decoding=\"async\" width=\"627\" height=\"351\" src=\"https:\/\/laboratoire-microsept.fr\/wp-content\/uploads\/2019\/07\/logo-ogel-44.png\" class=\"attachment-full size-full\" alt=\"\" srcset=\"https:\/\/laboratoire-microsept.fr\/wp-content\/uploads\/2019\/07\/logo-ogel-44-200x112.png 200w, https:\/\/laboratoire-microsept.fr\/wp-content\/uploads\/2019\/07\/logo-ogel-44-400x224.png 400w, https:\/\/laboratoire-microsept.fr\/wp-content\/uploads\/2019\/07\/logo-ogel-44-600x336.png 600w, https:\/\/laboratoire-microsept.fr\/wp-content\/uploads\/2019\/07\/logo-ogel-44.png 627w\" sizes=\"(min-width: 2200px) 100vw, (min-width: 928px) 374px, (min-width: 856px) 467px, (min-width: 784px) 623px, (min-width: 712px) 784px, (min-width: 640px) 712px, \" \/><\/div><\/div><\/div><div class=\"swiper-slide\"><div class=\"fusion-carousel-item-wrapper\"><div class=\"fusion-image-wrapper hover-type-none\"><img decoding=\"async\" width=\"637\" height=\"297\" src=\"https:\/\/laboratoire-microsept.fr\/wp-content\/uploads\/2019\/07\/logo-maison-becam.png\" class=\"attachment-full size-full\" alt=\"\" srcset=\"https:\/\/laboratoire-microsept.fr\/wp-content\/uploads\/2019\/07\/logo-maison-becam-200x93.png 200w, https:\/\/laboratoire-microsept.fr\/wp-content\/uploads\/2019\/07\/logo-maison-becam-400x186.png 400w, https:\/\/laboratoire-microsept.fr\/wp-content\/uploads\/2019\/07\/logo-maison-becam-600x280.png 600w, https:\/\/laboratoire-microsept.fr\/wp-content\/uploads\/2019\/07\/logo-maison-becam.png 637w\" sizes=\"(min-width: 2200px) 100vw, (min-width: 928px) 374px, (min-width: 856px) 467px, (min-width: 784px) 623px, (min-width: 712px) 784px, (min-width: 640px) 712px, \" \/><\/div><\/div><\/div><div class=\"swiper-slide\"><div class=\"fusion-carousel-item-wrapper\"><div class=\"fusion-image-wrapper hover-type-none\"><img decoding=\"async\" width=\"656\" height=\"251\" src=\"https:\/\/laboratoire-microsept.fr\/wp-content\/uploads\/2019\/07\/logo-livcer.png\" class=\"attachment-full size-full\" alt=\"\" srcset=\"https:\/\/laboratoire-microsept.fr\/wp-content\/uploads\/2019\/07\/logo-livcer-200x77.png 200w, https:\/\/laboratoire-microsept.fr\/wp-content\/uploads\/2019\/07\/logo-livcer-400x153.png 400w, https:\/\/laboratoire-microsept.fr\/wp-content\/uploads\/2019\/07\/logo-livcer-600x230.png 600w, https:\/\/laboratoire-microsept.fr\/wp-content\/uploads\/2019\/07\/logo-livcer.png 656w\" sizes=\"(min-width: 2200px) 100vw, (min-width: 928px) 374px, (min-width: 856px) 467px, (min-width: 784px) 623px, (min-width: 712px) 784px, (min-width: 640px) 712px, \" \/><\/div><\/div><\/div><div class=\"swiper-slide\"><div class=\"fusion-carousel-item-wrapper\"><div class=\"fusion-image-wrapper hover-type-none\"><img decoding=\"async\" width=\"508\" height=\"241\" src=\"https:\/\/laboratoire-microsept.fr\/wp-content\/uploads\/2019\/07\/logo-hisia.png\" class=\"attachment-full size-full\" alt=\"\" srcset=\"https:\/\/laboratoire-microsept.fr\/wp-content\/uploads\/2019\/07\/logo-hisia-200x95.png 200w, https:\/\/laboratoire-microsept.fr\/wp-content\/uploads\/2019\/07\/logo-hisia-400x190.png 400w, https:\/\/laboratoire-microsept.fr\/wp-content\/uploads\/2019\/07\/logo-hisia.png 508w\" sizes=\"(min-width: 2200px) 100vw, (min-width: 928px) 374px, (min-width: 856px) 467px, (min-width: 784px) 623px, (min-width: 712px) 784px, (min-width: 640px) 712px, \" \/><\/div><\/div><\/div><div class=\"swiper-slide\"><div class=\"fusion-carousel-item-wrapper\"><div class=\"fusion-image-wrapper hover-type-none\"><img decoding=\"async\" width=\"685\" height=\"366\" src=\"https:\/\/laboratoire-microsept.fr\/wp-content\/uploads\/2019\/07\/logo-college-la-salle.png\" class=\"attachment-full size-full\" alt=\"\" srcset=\"https:\/\/laboratoire-microsept.fr\/wp-content\/uploads\/2019\/07\/logo-college-la-salle-200x107.png 200w, https:\/\/laboratoire-microsept.fr\/wp-content\/uploads\/2019\/07\/logo-college-la-salle-400x214.png 400w, https:\/\/laboratoire-microsept.fr\/wp-content\/uploads\/2019\/07\/logo-college-la-salle-600x321.png 600w, https:\/\/laboratoire-microsept.fr\/wp-content\/uploads\/2019\/07\/logo-college-la-salle.png 685w\" sizes=\"(min-width: 2200px) 100vw, (min-width: 928px) 374px, (min-width: 856px) 467px, (min-width: 784px) 623px, (min-width: 712px) 784px, (min-width: 640px) 712px, \" \/><\/div><\/div><\/div><div class=\"swiper-slide\"><div class=\"fusion-carousel-item-wrapper\"><div class=\"fusion-image-wrapper hover-type-none\"><img decoding=\"async\" width=\"551\" height=\"328\" src=\"https:\/\/laboratoire-microsept.fr\/wp-content\/uploads\/2019\/07\/logo-boucherie-marquises.png\" class=\"attachment-full size-full\" alt=\"\" srcset=\"https:\/\/laboratoire-microsept.fr\/wp-content\/uploads\/2019\/07\/logo-boucherie-marquises-200x119.png 200w, https:\/\/laboratoire-microsept.fr\/wp-content\/uploads\/2019\/07\/logo-boucherie-marquises-400x238.png 400w, https:\/\/laboratoire-microsept.fr\/wp-content\/uploads\/2019\/07\/logo-boucherie-marquises.png 551w\" sizes=\"(min-width: 2200px) 100vw, (min-width: 928px) 374px, (min-width: 856px) 467px, (min-width: 784px) 623px, (min-width: 712px) 784px, (min-width: 640px) 712px, \" \/><\/div><\/div><\/div><div class=\"swiper-slide\"><div class=\"fusion-carousel-item-wrapper\"><div class=\"fusion-image-wrapper hover-type-none\"><img decoding=\"async\" width=\"115\" height=\"145\" src=\"https:\/\/laboratoire-microsept.fr\/wp-content\/uploads\/2019\/07\/logo-ovoteam-1.png\" class=\"attachment-full size-full\" alt=\"\" \/><\/div><\/div><\/div><div class=\"swiper-slide\"><div class=\"fusion-carousel-item-wrapper\"><div class=\"fusion-image-wrapper hover-type-none\"><img decoding=\"async\" width=\"250\" height=\"114\" src=\"https:\/\/laboratoire-microsept.fr\/wp-content\/uploads\/2019\/08\/logo-toque-angevine.png\" class=\"attachment-full size-full\" alt=\"\" srcset=\"https:\/\/laboratoire-microsept.fr\/wp-content\/uploads\/2019\/08\/logo-toque-angevine-200x91.png 200w, https:\/\/laboratoire-microsept.fr\/wp-content\/uploads\/2019\/08\/logo-toque-angevine.png 250w\" sizes=\"(min-width: 2200px) 100vw, (min-width: 928px) 374px, (min-width: 856px) 467px, (min-width: 784px) 623px, (min-width: 712px) 784px, (min-width: 640px) 712px, \" \/><\/div><\/div><\/div><div class=\"swiper-slide\"><div class=\"fusion-carousel-item-wrapper\"><div class=\"fusion-image-wrapper hover-type-none\"><img decoding=\"async\" width=\"283\" height=\"108\" src=\"https:\/\/laboratoire-microsept.fr\/wp-content\/uploads\/2019\/07\/logo-saveur-mauge.png\" class=\"attachment-full size-full\" alt=\"\" srcset=\"https:\/\/laboratoire-microsept.fr\/wp-content\/uploads\/2019\/07\/logo-saveur-mauge-200x76.png 200w, https:\/\/laboratoire-microsept.fr\/wp-content\/uploads\/2019\/07\/logo-saveur-mauge.png 283w\" sizes=\"(min-width: 2200px) 100vw, (min-width: 928px) 374px, (min-width: 856px) 467px, (min-width: 784px) 623px, (min-width: 712px) 784px, (min-width: 640px) 712px, \" \/><\/div><\/div><\/div><div class=\"swiper-slide\"><div class=\"fusion-carousel-item-wrapper\"><div class=\"fusion-image-wrapper hover-type-none\"><img decoding=\"async\" width=\"264\" height=\"162\" src=\"https:\/\/laboratoire-microsept.fr\/wp-content\/uploads\/2019\/08\/logo-fraiseraie.png\" class=\"attachment-full size-full\" alt=\"\" srcset=\"https:\/\/laboratoire-microsept.fr\/wp-content\/uploads\/2019\/08\/logo-fraiseraie-200x123.png 200w, https:\/\/laboratoire-microsept.fr\/wp-content\/uploads\/2019\/08\/logo-fraiseraie.png 264w\" sizes=\"(min-width: 2200px) 100vw, (min-width: 928px) 374px, (min-width: 856px) 467px, (min-width: 784px) 623px, (min-width: 712px) 784px, (min-width: 640px) 712px, \" \/><\/div><\/div><\/div><div class=\"swiper-slide\"><div class=\"fusion-carousel-item-wrapper\"><div class=\"fusion-image-wrapper hover-type-none\"><img decoding=\"async\" width=\"2362\" height=\"1269\" src=\"https:\/\/laboratoire-microsept.fr\/wp-content\/uploads\/2019\/08\/logo-charal.jpg\" class=\"attachment-full size-full\" alt=\"\" srcset=\"https:\/\/laboratoire-microsept.fr\/wp-content\/uploads\/2019\/08\/logo-charal-200x107.jpg 200w, https:\/\/laboratoire-microsept.fr\/wp-content\/uploads\/2019\/08\/logo-charal-400x215.jpg 400w, https:\/\/laboratoire-microsept.fr\/wp-content\/uploads\/2019\/08\/logo-charal-600x322.jpg 600w, https:\/\/laboratoire-microsept.fr\/wp-content\/uploads\/2019\/08\/logo-charal-800x430.jpg 800w, https:\/\/laboratoire-microsept.fr\/wp-content\/uploads\/2019\/08\/logo-charal-1200x645.jpg 1200w, https:\/\/laboratoire-microsept.fr\/wp-content\/uploads\/2019\/08\/logo-charal.jpg 2362w\" sizes=\"(min-width: 2200px) 100vw, (min-width: 928px) 374px, (min-width: 856px) 467px, (min-width: 784px) 623px, (min-width: 712px) 784px, (min-width: 640px) 712px, \" \/><\/div><\/div><\/div><div class=\"swiper-slide\"><div class=\"fusion-carousel-item-wrapper\"><div class=\"fusion-image-wrapper hover-type-none\"><img decoding=\"async\" width=\"437\" height=\"304\" src=\"https:\/\/laboratoire-microsept.fr\/wp-content\/uploads\/2019\/08\/logo-biomerieux.jpg\" class=\"attachment-full size-full\" alt=\"\" srcset=\"https:\/\/laboratoire-microsept.fr\/wp-content\/uploads\/2019\/08\/logo-biomerieux-200x139.jpg 200w, https:\/\/laboratoire-microsept.fr\/wp-content\/uploads\/2019\/08\/logo-biomerieux-400x278.jpg 400w, https:\/\/laboratoire-microsept.fr\/wp-content\/uploads\/2019\/08\/logo-biomerieux.jpg 437w\" sizes=\"(min-width: 2200px) 100vw, (min-width: 928px) 374px, (min-width: 856px) 467px, (min-width: 784px) 623px, (min-width: 712px) 784px, (min-width: 640px) 712px, \" \/><\/div><\/div><\/div><\/div><div class=\"awb-swiper-button awb-swiper-button-prev\"><i class=\"awb-icon-angle-left\" aria-hidden=\"true\"><\/i><\/div><div class=\"awb-swiper-button awb-swiper-button-next\"><i class=\"awb-icon-angle-right\" aria-hidden=\"true\"><\/i><\/div><\/div><\/div><div class=\"fusion-clearfix\"><\/div><\/div><\/div><\/div><\/div><div class=\"fusion-fullwidth fullwidth-box fusion-builder-row-4 nonhundred-percent-fullwidth non-hundred-percent-height-scrolling\" style=\"--awb-border-radius-top-left:0px;--awb-border-radius-top-right:0px;--awb-border-radius-bottom-right:0px;--awb-border-radius-bottom-left:0px;--awb-padding-top:20px;--awb-padding-right:15%;--awb-padding-left:15%;--awb-margin-top:30px;--awb-background-color:#00253c;--awb-flex-wrap:wrap;\" ><div class=\"fusion-builder-row fusion-row\"><div class=\"fusion-layout-column fusion_builder_column fusion-builder-column-6 fusion_builder_column_1_1 1_1 fusion-one-full fusion-column-first fusion-column-last\" style=\"--awb-padding-top:20px;--awb-padding-bottom:20px;--awb-bg-color:rgba(247,247,247,0);--awb-bg-color-hover:rgba(247,247,247,0);--awb-bg-size:cover;\"><div class=\"fusion-column-wrapper fusion-column-has-shadow fusion-flex-column-wrapper-legacy\"><div class=\"fusion-column-content-centered\"><div class=\"fusion-column-content\"><div class=\"fusion-title title fusion-title-3 fusion-title-center fusion-title-text fusion-title-size-two\" style=\"--awb-text-color:#ffffff;--awb-margin-top-small:0px;--awb-margin-right-small:0px;--awb-margin-bottom-small:20px;--awb-margin-left-small:0px;--awb-sep-color:#ffffff;--awb-font-size:34px;\"><div class=\"title-sep-container title-sep-container-left\"><div class=\"title-sep sep-single sep-solid\" style=\"border-color:#ffffff;\"><\/div><\/div><span class=\"awb-title-spacer\"><\/span><h2 class=\"fusion-title-heading title-heading-center\" style=\"margin:0;font-size:1em;\">Besoin d&rsquo;aide ?<\/h2><span class=\"awb-title-spacer\"><\/span><div class=\"title-sep-container title-sep-container-right\"><div class=\"title-sep sep-single sep-solid\" style=\"border-color:#ffffff;\"><\/div><\/div><\/div><div class=\"fusion-button-wrapper fusion-aligncenter\"><a class=\"fusion-button button-flat button-xlarge button-custom fusion-button-default button-5 fusion-button-default-span fusion-button-default-type\" style=\"--button_accent_color:#ffffff;--button_accent_hover_color:#000000;--button_border_hover_color:#000000;--button_gradient_top_color:#ff9800;--button_gradient_bottom_color:#ff9800;--button_gradient_top_color_hover:#ffffff;--button_gradient_bottom_color_hover:#ffffff;--button_text_transform:none;\" target=\"_self\" href=\"https:\/\/laboratoire-microsept.fr\/index.php\/nous-contacter\/\"><span class=\"fusion-button-text awb-button__text awb-button__text--default\">Contactez-nous !<\/span><\/a><\/div><\/div><\/div><div class=\"fusion-clearfix\"><\/div><\/div><\/div><\/div><\/div><\/p>\n","protected":false},"excerpt":{"rendered":"","protected":false},"author":11,"featured_media":0,"parent":0,"menu_order":0,"comment_status":"closed","ping_status":"closed","template":"","meta":{"footnotes":""},"class_list":["post-12616","page","type-page","status-publish","hentry"],"_links":{"self":[{"href":"https:\/\/laboratoire-microsept.fr\/index.php\/wp-json\/wp\/v2\/pages\/12616","targetHints":{"allow":["GET"]}}],"collection":[{"href":"https:\/\/laboratoire-microsept.fr\/index.php\/wp-json\/wp\/v2\/pages"}],"about":[{"href":"https:\/\/laboratoire-microsept.fr\/index.php\/wp-json\/wp\/v2\/types\/page"}],"author":[{"embeddable":true,"href":"https:\/\/laboratoire-microsept.fr\/index.php\/wp-json\/wp\/v2\/users\/11"}],"replies":[{"embeddable":true,"href":"https:\/\/laboratoire-microsept.fr\/index.php\/wp-json\/wp\/v2\/comments?post=12616"}],"version-history":[{"count":0,"href":"https:\/\/laboratoire-microsept.fr\/index.php\/wp-json\/wp\/v2\/pages\/12616\/revisions"}],"wp:attachment":[{"href":"https:\/\/laboratoire-microsept.fr\/index.php\/wp-json\/wp\/v2\/media?parent=12616"}],"curies":[{"name":"wp","href":"https:\/\/api.w.org\/{rel}","templated":true}]}}