{"id":12573,"date":"2019-07-18T09:56:31","date_gmt":"2019-07-18T07:56:31","guid":{"rendered":"https:\/\/laboratoire-microsept.fr\/?page_id=12573"},"modified":"2024-01-22T15:08:23","modified_gmt":"2024-01-22T14:08:23","slug":"notre-groupe","status":"publish","type":"page","link":"https:\/\/laboratoire-microsept.fr\/index.php\/nous-connaitre\/notre-groupe\/","title":{"rendered":"Notre groupe"},"content":{"rendered":"<p><div class=\"fusion-fullwidth fullwidth-box fusion-builder-row-1 nonhundred-percent-fullwidth non-hundred-percent-height-scrolling\" style=\"--awb-border-radius-top-left:0px;--awb-border-radius-top-right:0px;--awb-border-radius-bottom-right:0px;--awb-border-radius-bottom-left:0px;--awb-padding-right:15%;--awb-padding-left:15%;--awb-flex-wrap:wrap;\" ><div class=\"fusion-builder-row fusion-row\"><div class=\"fusion-layout-column fusion_builder_column fusion-builder-column-0 fusion_builder_column_1_1 1_1 fusion-one-full fusion-column-first fusion-column-last\" style=\"--awb-bg-blend:overlay;--awb-bg-size:cover;\"><div class=\"fusion-column-wrapper fusion-column-has-shadow fusion-flex-column-wrapper-legacy\"><div class=\"fusion-title title fusion-title-1 fusion-title-center fusion-title-text fusion-title-size-two\" style=\"--awb-text-color:#595959;--awb-margin-top-small:0px;--awb-margin-right-small:0px;--awb-margin-bottom-small:20px;--awb-margin-left-small:0px;--awb-sep-color:#595959;--awb-font-size:34px;\"><div class=\"title-sep-container title-sep-container-left\"><div class=\"title-sep sep-single sep-solid\" style=\"border-color:#595959;\"><\/div><\/div><span class=\"awb-title-spacer\"><\/span><h2 class=\"fusion-title-heading title-heading-center\" style=\"margin:0;font-size:1em;\">Microsept, une filiale du Groupe Coop\u00e9ratif SCAEL<\/h2><span class=\"awb-title-spacer\"><\/span><div class=\"title-sep-container title-sep-container-right\"><div class=\"title-sep sep-single sep-solid\" style=\"border-color:#595959;\"><\/div><\/div><\/div><div class=\"fusion-clearfix\"><\/div><\/div><\/div><div class=\"fusion-layout-column fusion_builder_column fusion-builder-column-1 fusion_builder_column_2_3 2_3 fusion-two-third fusion-column-first\" style=\"--awb-bg-blend:overlay;--awb-bg-size:cover;width:66.666666666667%;width:calc(66.666666666667% - ( ( 4% ) * 0.66666666666667 ) );margin-right: 4%;\"><div class=\"fusion-column-wrapper fusion-column-has-shadow fusion-flex-column-wrapper-legacy\"><div class=\"fusion-text fusion-text-1\"><p>Situ\u00e9e dans la plaine de la Beauce, <strong><a href=\"https:\/\/www.groupe-scael.com\/\">la Coop\u00e9rative SCAEL<\/a><\/strong> est aujourd\u2019hui l\u2019une des premi\u00e8res coop\u00e9ratives c\u00e9r\u00e9ali\u00e8res fran\u00e7aise, avec ses 1800 adh\u00e9rents et une collecte de 767 000 tonnes de grains en 2022-2023.<\/p>\n<div class=\"fusion-image-element in-legacy-container\" style=\"--awb-max-width:500px;--awb-caption-title-font-family:var(--h2_typography-font-family);--awb-caption-title-font-weight:var(--h2_typography-font-weight);--awb-caption-title-font-style:var(--h2_typography-font-style);--awb-caption-title-size:var(--h2_typography-font-size);--awb-caption-title-transform:var(--h2_typography-text-transform);--awb-caption-title-line-height:var(--h2_typography-line-height);--awb-caption-title-letter-spacing:var(--h2_typography-letter-spacing);\"><span class=\" fusion-imageframe imageframe-none imageframe-1 hover-type-none\"><img decoding=\"async\" width=\"927\" height=\"267\" title=\"group-scael-logo\" src=\"https:\/\/laboratoire-microsept.fr\/wp-content\/uploads\/2019\/08\/group-scael-logo.png\" alt class=\"img-responsive wp-image-14188\" srcset=\"https:\/\/laboratoire-microsept.fr\/wp-content\/uploads\/2019\/08\/group-scael-logo-200x58.png 200w, https:\/\/laboratoire-microsept.fr\/wp-content\/uploads\/2019\/08\/group-scael-logo-400x115.png 400w, https:\/\/laboratoire-microsept.fr\/wp-content\/uploads\/2019\/08\/group-scael-logo-600x173.png 600w, https:\/\/laboratoire-microsept.fr\/wp-content\/uploads\/2019\/08\/group-scael-logo-800x230.png 800w, https:\/\/laboratoire-microsept.fr\/wp-content\/uploads\/2019\/08\/group-scael-logo.png 927w\" sizes=\"(max-width: 800px) 100vw, 927px\" \/><\/span><\/div>\n<p>Fond\u00e9 sur des origines coop\u00e9ratives, qui lui transmettent ses valeurs de transparence et de service, le Groupe coop\u00e9ratif SCAEL s\u2019est diversifi\u00e9 dans les ann\u00e9es 80 pour \u00eatre pr\u00e9sent \u00e0 tous les stades de la fili\u00e8re c\u00e9r\u00e9ales, de la semence \u00e0 l\u2019exportation.<\/p>\n<p>Le groupe SCAEL s\u2019organise aujourd\u2019hui autour de cinq p\u00f4les d\u2019activit\u00e9 :\u00a0<strong>Agricole,\u00a0Distribution Grand Public, Innovation et D\u00e9veloppement, N\u00e9goce Export <\/strong>et <strong>Laboratoires et Services<\/strong> dont le laboratoire Microsept fait partie.<\/p>\n<\/div><div class=\"fusion-clearfix\"><\/div><\/div><\/div><div class=\"fusion-layout-column fusion_builder_column fusion-builder-column-2 fusion_builder_column_1_3 1_3 fusion-one-third fusion-column-last\" style=\"--awb-bg-blend:overlay;--awb-bg-size:cover;width:33.333333333333%;width:calc(33.333333333333% - ( ( 4% ) * 0.33333333333333 ) );\"><div class=\"fusion-column-wrapper fusion-column-has-shadow fusion-flex-column-wrapper-legacy\"><div class=\"fusion-image-element fusion-image-align-center in-legacy-container\" style=\"text-align:center;--awb-max-width:500px;--awb-caption-title-font-family:var(--h2_typography-font-family);--awb-caption-title-font-weight:var(--h2_typography-font-weight);--awb-caption-title-font-style:var(--h2_typography-font-style);--awb-caption-title-size:var(--h2_typography-font-size);--awb-caption-title-transform:var(--h2_typography-text-transform);--awb-caption-title-line-height:var(--h2_typography-line-height);--awb-caption-title-letter-spacing:var(--h2_typography-letter-spacing);\"><div class=\"imageframe-align-center\"><span class=\" fusion-imageframe imageframe-none imageframe-2 hover-type-none\"><img decoding=\"async\" width=\"1024\" height=\"845\" title=\"pieuvre s2025\" src=\"https:\/\/laboratoire-microsept.fr\/wp-content\/uploads\/2019\/12\/pieuvre-s2025-1024x845.jpg\" alt class=\"img-responsive wp-image-14666\" srcset=\"https:\/\/laboratoire-microsept.fr\/wp-content\/uploads\/2019\/12\/pieuvre-s2025-200x165.jpg 200w, https:\/\/laboratoire-microsept.fr\/wp-content\/uploads\/2019\/12\/pieuvre-s2025-400x330.jpg 400w, https:\/\/laboratoire-microsept.fr\/wp-content\/uploads\/2019\/12\/pieuvre-s2025-600x495.jpg 600w, https:\/\/laboratoire-microsept.fr\/wp-content\/uploads\/2019\/12\/pieuvre-s2025-800x661.jpg 800w, https:\/\/laboratoire-microsept.fr\/wp-content\/uploads\/2019\/12\/pieuvre-s2025-1200x991.jpg 1200w\" sizes=\"(max-width: 800px) 100vw, 800px\" \/><\/span><\/div><\/div><div class=\"fusion-clearfix\"><\/div><\/div><\/div><\/div><\/div><div class=\"fusion-fullwidth fullwidth-box fusion-builder-row-2 nonhundred-percent-fullwidth non-hundred-percent-height-scrolling\" style=\"--awb-border-radius-top-left:0px;--awb-border-radius-top-right:0px;--awb-border-radius-bottom-right:0px;--awb-border-radius-bottom-left:0px;--awb-padding-right:15%;--awb-padding-bottom:20px;--awb-padding-left:15%;--awb-margin-top:30px;--awb-flex-wrap:wrap;\" ><div class=\"fusion-builder-row fusion-row\"><div class=\"fusion-layout-column fusion_builder_column fusion-builder-column-3 fusion_builder_column_1_1 1_1 fusion-one-full fusion-column-first fusion-column-last\" style=\"--awb-bg-blend:overlay;--awb-bg-size:cover;\"><div class=\"fusion-column-wrapper fusion-column-has-shadow fusion-flex-column-wrapper-legacy\"><div class=\"fusion-title title fusion-title-2 fusion-title-center fusion-title-text fusion-title-size-two\" style=\"--awb-text-color:#595959;--awb-margin-top-small:0px;--awb-margin-right-small:0px;--awb-margin-bottom-small:20px;--awb-margin-left-small:0px;--awb-sep-color:#595959;--awb-font-size:34px;\"><div class=\"title-sep-container title-sep-container-left\"><div class=\"title-sep sep-single sep-solid\" style=\"border-color:#595959;\"><\/div><\/div><span class=\"awb-title-spacer\"><\/span><h2 class=\"fusion-title-heading title-heading-center\" style=\"margin:0;font-size:1em;\">Microsept, Microsept Nord, C\u00e9ralim et Olc\u00e9a, des expertises compl\u00e9mentaires<\/h2><span class=\"awb-title-spacer\"><\/span><div class=\"title-sep-container title-sep-container-right\"><div class=\"title-sep sep-single sep-solid\" style=\"border-color:#595959;\"><\/div><\/div><\/div><div class=\"fusion-clearfix\"><\/div><\/div><\/div><div class=\"fusion-layout-column fusion_builder_column fusion-builder-column-4 fusion_builder_column_1_3 1_3 fusion-one-third fusion-column-first\" style=\"--awb-padding-bottom:20px;--awb-bg-blend:overlay;--awb-bg-size:cover;width:33.333333333333%;width:calc(33.333333333333% - ( ( 4% + 4% ) * 0.33333333333333 ) );margin-right: 4%;\"><div class=\"fusion-column-wrapper fusion-column-has-shadow fusion-flex-column-wrapper-legacy\"><div class=\"fusion-image-element fusion-image-align-center in-legacy-container\" style=\"text-align:center;--awb-caption-title-font-family:var(--h2_typography-font-family);--awb-caption-title-font-weight:var(--h2_typography-font-weight);--awb-caption-title-font-style:var(--h2_typography-font-style);--awb-caption-title-size:var(--h2_typography-font-size);--awb-caption-title-transform:var(--h2_typography-text-transform);--awb-caption-title-line-height:var(--h2_typography-line-height);--awb-caption-title-letter-spacing:var(--h2_typography-letter-spacing);\"><div class=\"imageframe-align-center\"><span class=\" fusion-imageframe imageframe-none imageframe-3 hover-type-none\"><img decoding=\"async\" width=\"648\" height=\"181\" title=\"grand-logo-microsept\" src=\"https:\/\/laboratoire-microsept.fr\/wp-content\/uploads\/2019\/08\/grand-logo-microsept.png\" alt class=\"img-responsive wp-image-13544\" srcset=\"https:\/\/laboratoire-microsept.fr\/wp-content\/uploads\/2019\/08\/grand-logo-microsept-200x56.png 200w, https:\/\/laboratoire-microsept.fr\/wp-content\/uploads\/2019\/08\/grand-logo-microsept-400x112.png 400w, https:\/\/laboratoire-microsept.fr\/wp-content\/uploads\/2019\/08\/grand-logo-microsept-600x168.png 600w, https:\/\/laboratoire-microsept.fr\/wp-content\/uploads\/2019\/08\/grand-logo-microsept.png 648w\" sizes=\"(max-width: 800px) 100vw, 600px\" \/><\/span><\/div><\/div><div class=\"fusion-clearfix\"><\/div><\/div><\/div><div class=\"fusion-layout-column fusion_builder_column fusion-builder-column-5 fusion_builder_column_1_3 1_3 fusion-one-third\" style=\"--awb-bg-blend:overlay;--awb-bg-size:cover;width:33.333333333333%;width:calc(33.333333333333% - ( ( 4% + 4% ) * 0.33333333333333 ) );margin-right: 4%;\"><div class=\"fusion-column-wrapper fusion-column-has-shadow fusion-flex-column-wrapper-legacy\"><div class=\"fusion-text fusion-text-2\"><p>Microsept, <a href=\"https:\/\/laboratoire-ceralim.fr\/\">C\u00e9ralim<\/a>, <a href=\"https:\/\/beta.laboratoire-olcea.fr\/\">Olc\u00e9a<\/a><b> <\/b>et Microsept Nord sont les 4 filiales du P\u00f4le Laboratoires et Services du Groupe Coop\u00e9ratif SCAEL.<u><\/u><u><\/u><\/p>\n<p>Avec ses 16 salari\u00e9s et ses 2 sites \u00e0 Chartres et Rouen, le Laboratoire Olc\u00e9a est aujourd\u2019hui un acteur majeur dans le domaine des analyses c\u00e9r\u00e9ali\u00e8res, ol\u00e9agineuses, sanitaires, ainsi que de panification.<u><\/u><u><\/u><\/p>\n<p>Fort de ses compl\u00e9mentarit\u00e9s techniques et g\u00e9ographiques avec Olc\u00e9a, Microsept est en mesure d\u2019offrir une gamme de services \u00e0 360\u00b0 \u00e0 ses clients industriels, artisans ou restaurateurs.<\/p>\n<\/div><div class=\"fusion-clearfix\"><\/div><\/div><\/div><div class=\"fusion-layout-column fusion_builder_column fusion-builder-column-6 fusion_builder_column_1_3 1_3 fusion-one-third fusion-column-last\" style=\"--awb-bg-blend:overlay;--awb-bg-size:cover;width:33.333333333333%;width:calc(33.333333333333% - ( ( 4% + 4% ) * 0.33333333333333 ) );\"><div class=\"fusion-column-wrapper fusion-column-has-shadow fusion-flex-column-wrapper-legacy\"><div class=\"fusion-image-element fusion-image-align-center in-legacy-container\" style=\"text-align:center;--awb-caption-title-font-family:var(--h2_typography-font-family);--awb-caption-title-font-weight:var(--h2_typography-font-weight);--awb-caption-title-font-style:var(--h2_typography-font-style);--awb-caption-title-size:var(--h2_typography-font-size);--awb-caption-title-transform:var(--h2_typography-text-transform);--awb-caption-title-line-height:var(--h2_typography-line-height);--awb-caption-title-letter-spacing:var(--h2_typography-letter-spacing);\"><div class=\"imageframe-align-center\"><span class=\" fusion-imageframe imageframe-none imageframe-4 hover-type-none\"><img decoding=\"async\" width=\"300\" height=\"152\" title=\"logo-olcea\" src=\"https:\/\/laboratoire-microsept.fr\/wp-content\/uploads\/2019\/08\/logo-olcea-300x152.png\" alt class=\"img-responsive wp-image-13344\" srcset=\"https:\/\/laboratoire-microsept.fr\/wp-content\/uploads\/2019\/08\/logo-olcea-200x101.png 200w, https:\/\/laboratoire-microsept.fr\/wp-content\/uploads\/2019\/08\/logo-olcea-400x203.png 400w, https:\/\/laboratoire-microsept.fr\/wp-content\/uploads\/2019\/08\/logo-olcea-600x304.png 600w, https:\/\/laboratoire-microsept.fr\/wp-content\/uploads\/2019\/08\/logo-olcea-800x405.png 800w, https:\/\/laboratoire-microsept.fr\/wp-content\/uploads\/2019\/08\/logo-olcea.png 1007w\" sizes=\"(max-width: 800px) 100vw, 600px\" \/><\/span><\/div><\/div><div class=\"fusion-image-element in-legacy-container\" style=\"--awb-caption-title-font-family:var(--h2_typography-font-family);--awb-caption-title-font-weight:var(--h2_typography-font-weight);--awb-caption-title-font-style:var(--h2_typography-font-style);--awb-caption-title-size:var(--h2_typography-font-size);--awb-caption-title-transform:var(--h2_typography-text-transform);--awb-caption-title-line-height:var(--h2_typography-line-height);--awb-caption-title-letter-spacing:var(--h2_typography-letter-spacing);\"><span class=\" fusion-imageframe imageframe-none imageframe-5 hover-type-none\"><img decoding=\"async\" width=\"842\" height=\"230\" title=\"ceralim-def-_ok-23-1\" src=\"https:\/\/laboratoire-microsept.fr\/wp-content\/uploads\/2024\/01\/ceralim-def-_ok-23-1.png\" alt class=\"img-responsive wp-image-16172\" srcset=\"https:\/\/laboratoire-microsept.fr\/wp-content\/uploads\/2024\/01\/ceralim-def-_ok-23-1-200x55.png 200w, https:\/\/laboratoire-microsept.fr\/wp-content\/uploads\/2024\/01\/ceralim-def-_ok-23-1-400x109.png 400w, https:\/\/laboratoire-microsept.fr\/wp-content\/uploads\/2024\/01\/ceralim-def-_ok-23-1-600x164.png 600w, https:\/\/laboratoire-microsept.fr\/wp-content\/uploads\/2024\/01\/ceralim-def-_ok-23-1-800x219.png 800w, https:\/\/laboratoire-microsept.fr\/wp-content\/uploads\/2024\/01\/ceralim-def-_ok-23-1.png 842w\" sizes=\"(max-width: 800px) 100vw, 600px\" \/><\/span><\/div><div class=\"fusion-clearfix\"><\/div><\/div><\/div><\/div><\/div><div class=\"fusion-fullwidth fullwidth-box fusion-builder-row-3 nonhundred-percent-fullwidth non-hundred-percent-height-scrolling\" style=\"--awb-border-radius-top-left:0px;--awb-border-radius-top-right:0px;--awb-border-radius-bottom-right:0px;--awb-border-radius-bottom-left:0px;--awb-padding-top:20px;--awb-padding-right:15%;--awb-padding-left:15%;--awb-margin-top:30px;--awb-background-color:#00253c;--awb-flex-wrap:wrap;\" ><div class=\"fusion-builder-row fusion-row\"><div class=\"fusion-layout-column fusion_builder_column fusion-builder-column-7 fusion_builder_column_1_1 1_1 fusion-one-full fusion-column-first fusion-column-last\" style=\"--awb-padding-top:20px;--awb-padding-bottom:20px;--awb-bg-color:rgba(247,247,247,0);--awb-bg-color-hover:rgba(247,247,247,0);--awb-bg-size:cover;\"><div class=\"fusion-column-wrapper fusion-column-has-shadow fusion-flex-column-wrapper-legacy\"><div class=\"fusion-column-content-centered\"><div class=\"fusion-column-content\"><div class=\"fusion-title title fusion-title-3 fusion-title-center fusion-title-text fusion-title-size-two\" style=\"--awb-text-color:#ffffff;--awb-margin-top-small:0px;--awb-margin-right-small:0px;--awb-margin-bottom-small:20px;--awb-margin-left-small:0px;--awb-sep-color:#ffffff;--awb-font-size:34px;\"><div class=\"title-sep-container title-sep-container-left\"><div class=\"title-sep sep-single sep-solid\" style=\"border-color:#ffffff;\"><\/div><\/div><span class=\"awb-title-spacer\"><\/span><h2 class=\"fusion-title-heading title-heading-center\" style=\"margin:0;font-size:1em;\">Besoin d&rsquo;aide ?<\/h2><span class=\"awb-title-spacer\"><\/span><div class=\"title-sep-container title-sep-container-right\"><div class=\"title-sep sep-single sep-solid\" style=\"border-color:#ffffff;\"><\/div><\/div><\/div><div class=\"fusion-button-wrapper fusion-aligncenter\"><a class=\"fusion-button button-flat button-xlarge button-custom fusion-button-default button-1 fusion-button-default-span fusion-button-default-type\" style=\"--button_accent_color:#ffffff;--button_border_color:#ffffff;--button_accent_hover_color:#000000;--button_border_hover_color:#000000;--button_gradient_top_color:#ff9800;--button_gradient_bottom_color:#ff9800;--button_gradient_top_color_hover:#ffffff;--button_gradient_bottom_color_hover:#ffffff;--button_text_transform:none;\" target=\"_self\" href=\"https:\/\/laboratoire-microsept.fr\/index.php\/nous-contacter\/\"><span class=\"fusion-button-text awb-button__text awb-button__text--default\">Contactez-nous !<\/span><\/a><\/div><\/div><\/div><div class=\"fusion-clearfix\"><\/div><\/div><\/div><\/div><\/div><\/p>\n","protected":false},"excerpt":{"rendered":"","protected":false},"author":11,"featured_media":0,"parent":38,"menu_order":0,"comment_status":"closed","ping_status":"closed","template":"","meta":{"footnotes":""},"class_list":["post-12573","page","type-page","status-publish","hentry"],"_links":{"self":[{"href":"https:\/\/laboratoire-microsept.fr\/index.php\/wp-json\/wp\/v2\/pages\/12573","targetHints":{"allow":["GET"]}}],"collection":[{"href":"https:\/\/laboratoire-microsept.fr\/index.php\/wp-json\/wp\/v2\/pages"}],"about":[{"href":"https:\/\/laboratoire-microsept.fr\/index.php\/wp-json\/wp\/v2\/types\/page"}],"author":[{"embeddable":true,"href":"https:\/\/laboratoire-microsept.fr\/index.php\/wp-json\/wp\/v2\/users\/11"}],"replies":[{"embeddable":true,"href":"https:\/\/laboratoire-microsept.fr\/index.php\/wp-json\/wp\/v2\/comments?post=12573"}],"version-history":[{"count":0,"href":"https:\/\/laboratoire-microsept.fr\/index.php\/wp-json\/wp\/v2\/pages\/12573\/revisions"}],"up":[{"embeddable":true,"href":"https:\/\/laboratoire-microsept.fr\/index.php\/wp-json\/wp\/v2\/pages\/38"}],"wp:attachment":[{"href":"https:\/\/laboratoire-microsept.fr\/index.php\/wp-json\/wp\/v2\/media?parent=12573"}],"curies":[{"name":"wp","href":"https:\/\/api.w.org\/{rel}","templated":true}]}}