{"id":12547,"date":"2019-07-18T09:31:36","date_gmt":"2019-07-18T07:31:36","guid":{"rendered":"https:\/\/laboratoire-microsept.fr\/?page_id=12547"},"modified":"2022-11-08T10:36:08","modified_gmt":"2022-11-08T09:36:08","slug":"cosmetiques","status":"publish","type":"page","link":"https:\/\/laboratoire-microsept.fr\/index.php\/nos-analyses\/cosmetiques\/","title":{"rendered":"Analyses sur Cosm\u00e9tiques"},"content":{"rendered":"<p><div class=\"fusion-fullwidth fullwidth-box fusion-builder-row-1 nonhundred-percent-fullwidth non-hundred-percent-height-scrolling\" style=\"--awb-border-radius-top-left:0px;--awb-border-radius-top-right:0px;--awb-border-radius-bottom-right:0px;--awb-border-radius-bottom-left:0px;--awb-padding-right:15%;--awb-padding-left:15%;--awb-flex-wrap:wrap;\" ><div class=\"fusion-builder-row fusion-row\"><div class=\"fusion-layout-column fusion_builder_column fusion-builder-column-0 fusion_builder_column_2_3 2_3 fusion-two-third fusion-column-first fusion-column-no-min-height fusion-animated\" style=\"--awb-bg-size:cover;width:66.666666666667%;width:calc(66.666666666667% - ( ( 4% ) * 0.66666666666667 ) );margin-right: 4%;\" data-animationType=\"fadeIn\" data-animationDuration=\"0.8\" data-animationOffset=\"top-into-view\"><div class=\"fusion-column-wrapper fusion-column-has-shadow fusion-flex-column-wrapper-legacy\"><div class=\"fusion-title title fusion-title-1 fusion-title-center fusion-title-text fusion-title-size-two\" style=\"--awb-text-color:#595959;--awb-margin-top-small:0px;--awb-margin-right-small:0px;--awb-margin-bottom-small:20px;--awb-margin-left-small:0px;--awb-sep-color:#595959;--awb-font-size:34px;\"><div class=\"title-sep-container title-sep-container-left\"><div class=\"title-sep sep-single sep-solid\" style=\"border-color:#595959;\"><\/div><\/div><span class=\"awb-title-spacer\"><\/span><h2 class=\"fusion-title-heading title-heading-center\" style=\"margin:0;font-size:1em;\">Vous souhaitez<\/h2><span class=\"awb-title-spacer\"><\/span><div class=\"title-sep-container title-sep-container-right\"><div class=\"title-sep sep-single sep-solid\" style=\"border-color:#595959;\"><\/div><\/div><\/div><div class=\"fusion-content-boxes content-boxes columns row fusion-columns-1 fusion-columns-total-3 fusion-content-boxes-1 content-boxes-icon-on-side content-left\" style=\"--awb-title-color:#595959;--awb-margin-bottom:0px;--awb-hover-accent-color:#ff9800;--awb-circle-hover-accent-color:#ff9800;--awb-item-margin-bottom:40px;\" data-animationOffset=\"top-into-view\"><div style=\"--awb-backgroundcolor:rgba(255,255,255,0);--awb-content-padding-left:64px;\" class=\"fusion-column content-box-column content-box-column content-box-column-1 col-lg-12 col-md-12 col-sm-12 fusion-content-box-hover content-box-column-last-in-row\"><div class=\"col content-box-wrapper content-wrapper link-area-link-icon icon-hover-animation-fade\" data-animationOffset=\"top-into-view\"><div class=\"heading heading-with-icon icon-left\"><div class=\"icon\"><i style=\"border-color:#333333;border-width:1px;background-color:#333333;box-sizing:content-box;height:42px;width:42px;line-height:42px;border-radius:50%;font-size:21px;\" aria-hidden=\"true\" class=\"fontawesome-icon fa-microscope fas circle-yes\"><\/i><\/div><h2 class=\"content-box-heading\" style=\"--h2_typography-font-size:25px;line-height:30px;padding-left:64px;\">Garantir la qualit\u00e9 microbiologique de vos produits finis et vos mati\u00e8res premi\u00e8res selon le R\u00e8glement CE N\u00b01223\/2009<\/h2><\/div><div class=\"fusion-clearfix\"><\/div><div class=\"content-container\">\n<p>En effectuant des analyses microbiologiques \u00e0 partir des normes ISO Cosm\u00e9tiques :<\/p>\n<p>&#8211; Germes non sp\u00e9cifi\u00e9s :<\/p>\n<ul>\n<li>D\u00e9nombrement des Bact\u00e9ries a\u00e9robies m\u00e9sophiles (NF ISO 21149)<\/li>\n<li>D\u00e9nombrement des Levures et Moisissures (NF ISO 16212)<\/li>\n<\/ul>\n<p>&#8211; Germes pathog\u00e8nes sp\u00e9cifi\u00e9s :<\/p>\n<ul>\n<li>Recherche de <em>Candida albicans<\/em> (NF ISO 18416)<\/li>\n<li>Recherche de <em>Escherichia coli<\/em> (NF ISO 21150)<\/li>\n<li>Recherche de <em>Pseudomonas aeruginosa<\/em> (NF ISO 22717)<\/li>\n<li>Recherche de <em>Staphylococcus aureus<\/em> (NF ISO 22718)<\/li>\n<li>D\u00e9tection de germes sp\u00e9cifi\u00e9s et non sp\u00e9cifi\u00e9s (NF ISO 18415)<\/li>\n<\/ul>\n<\/div><\/div><\/div><div style=\"--awb-backgroundcolor:rgba(255,255,255,0);--awb-content-padding-left:64px;\" class=\"fusion-column content-box-column content-box-column content-box-column-2 col-lg-12 col-md-12 col-sm-12 fusion-content-box-hover content-box-column-last-in-row\"><div class=\"col content-box-wrapper content-wrapper link-area-link-icon icon-hover-animation-fade\" data-animationOffset=\"top-into-view\"><div class=\"heading heading-with-icon icon-left\"><div class=\"icon\"><i style=\"border-color:#333333;border-width:1px;background-color:#333333;box-sizing:content-box;height:42px;width:42px;line-height:42px;border-radius:50%;font-size:21px;\" aria-hidden=\"true\" class=\"fontawesome-icon fa-alipay fab circle-yes\"><\/i><\/div><h2 class=\"content-box-heading\" style=\"--h2_typography-font-size:25px;line-height:30px;padding-left:64px;\">D\u00e9montrer l\u2019efficacit\u00e9 d\u2019un conservateur pour \u00e9tablir votre Dossier d\u2019Information Produit (DIP)<\/h2><\/div><div class=\"fusion-clearfix\"><\/div><div class=\"content-container\">\n<p>En effectuant un Challenge-test cosm\u00e9tique (ou test de croissance) selon la norme NF EN ISO 11930.<\/p>\n<p>&#8211; Germes inocul\u00e9s :<\/p>\n<ul>\n<li><em>Staphylococcus aureus<\/em><\/li>\n<li><em>Pseudomonas aeruginosa<\/em><\/li>\n<li><em>Escherichia coli<\/em><\/li>\n<li><em>Candida albicans<\/em><\/li>\n<li><em>Aspergillus brasiliensis<\/em><\/li>\n<\/ul>\n<p>Microsept dispose d\u2019une souchoth\u00e8que adapt\u00e9e aux produits cosm\u00e9tiques et est en mesure d\u2019utiliser les souches pr\u00e9sentes dans votre environnement de production.<\/p>\n<p>Transmissions de r\u00e9sultats interm\u00e9diaire avec d\u00e9nombrement \u00e0 J+7, J+14 et J+28.<\/p>\n<\/div><\/div><\/div><div style=\"--awb-backgroundcolor:rgba(255,255,255,0);--awb-content-padding-left:64px;\" class=\"fusion-column content-box-column content-box-column content-box-column-3 col-lg-12 col-md-12 col-sm-12 fusion-content-box-hover content-box-column-last content-box-column-last-in-row\"><div class=\"col content-box-wrapper content-wrapper link-area-link-icon icon-hover-animation-fade\" data-animationOffset=\"top-into-view\"><div class=\"heading heading-with-icon icon-left\"><div class=\"icon\"><i style=\"border-color:#333333;border-width:1px;background-color:#333333;box-sizing:content-box;height:42px;width:42px;line-height:42px;border-radius:50%;font-size:21px;\" aria-hidden=\"true\" class=\"fontawesome-icon fa-align-right fas circle-yes\"><\/i><\/div><h2 class=\"content-box-heading\" style=\"--h2_typography-font-size:25px;line-height:30px;padding-left:64px;\">Evaluer vos Bonnes Pratiques de Fabrication (BPF)<\/h2><\/div><div class=\"fusion-clearfix\"><\/div><div class=\"content-container\">\n<p>En v\u00e9rifiant, par l\u2019analyse, la ma\u00eetrise des points critiques de votre HACCP et les Bonnes Pratiques de Fabrication selon la norme ISO 22716.<\/p>\n<\/div><\/div><\/div><div class=\"fusion-clearfix\"><\/div><\/div><div class=\"fusion-clearfix\"><\/div><\/div><\/div><div class=\"fusion-layout-column fusion_builder_column fusion-builder-column-1 fusion_builder_column_1_3 1_3 fusion-one-third fusion-column-last\" style=\"--awb-padding-top:20px;--awb-padding-right:20px;--awb-padding-bottom:20px;--awb-padding-left:20px;--awb-bg-color:#f7f7f7;--awb-bg-color-hover:#f7f7f7;--awb-bg-size:cover;width:33.333333333333%;width:calc(33.333333333333% - ( ( 4% ) * 0.33333333333333 ) );\"><div class=\"fusion-column-wrapper fusion-column-has-shadow fusion-flex-column-wrapper-legacy\"><div class=\"fusion-title title fusion-title-2 fusion-title-center fusion-title-text fusion-title-size-two\" style=\"--awb-margin-top-small:0px;--awb-margin-right-small:0px;--awb-margin-bottom-small:20px;--awb-margin-left-small:0px;--awb-font-size:25px;\"><div class=\"title-sep-container title-sep-container-left\"><div class=\"title-sep sep-single sep-solid\" style=\"border-color:#e7e6e6;\"><\/div><\/div><span class=\"awb-title-spacer\"><\/span><h2 class=\"fusion-title-heading title-heading-center\" style=\"margin:0;font-size:1em;\">Catalogue d&rsquo;analyses<\/h2><span class=\"awb-title-spacer\"><\/span><div class=\"title-sep-container title-sep-container-right\"><div class=\"title-sep sep-single sep-solid\" style=\"border-color:#e7e6e6;\"><\/div><\/div><\/div><div class=\"fusion-button-wrapper fusion-aligncenter\"><a class=\"fusion-button button-flat button-xlarge button-custom fusion-button-default button-1 fusion-button-default-span fusion-button-default-type\" style=\"--button_accent_color:#ffffff;--button_border_color:#ffffff;--button_accent_hover_color:#ffffff;--button_border_hover_color:#ffffff;--button_gradient_top_color:#ff9800;--button_gradient_bottom_color:#ff9800;--button_gradient_top_color_hover:#ff9800;--button_gradient_bottom_color_hover:#ff9800;--button_text_transform:none;\" target=\"_self\" href=\"https:\/\/laboratoire-microsept.fr\/wp-content\/uploads\/2022\/11\/Catalogue-ANALYSES-Cosmetique-2022.pdf\"><span class=\"fusion-button-text awb-button__text awb-button__text--default\">T\u00e9l\u00e9charger<\/span><\/a><\/div><div class=\"fusion-clearfix\"><\/div><\/div><\/div><\/div><\/div><div class=\"fusion-fullwidth fullwidth-box fusion-builder-row-2 nonhundred-percent-fullwidth non-hundred-percent-height-scrolling\" style=\"--awb-border-radius-top-left:0px;--awb-border-radius-top-right:0px;--awb-border-radius-bottom-right:0px;--awb-border-radius-bottom-left:0px;--awb-padding-top:20px;--awb-padding-right:15%;--awb-padding-bottom:20px;--awb-padding-left:15%;--awb-flex-wrap:wrap;\" ><div class=\"fusion-builder-row fusion-row\"><div class=\"fusion-layout-column fusion_builder_column fusion-builder-column-2 fusion_builder_column_1_1 1_1 fusion-one-full fusion-column-first fusion-column-last\" style=\"--awb-bg-size:cover;\"><div class=\"fusion-column-wrapper fusion-column-has-shadow fusion-flex-column-wrapper-legacy\"><div class=\"fusion-title title fusion-title-3 fusion-title-center fusion-title-text fusion-title-size-two\" style=\"--awb-text-color:#595959;--awb-margin-top-small:0px;--awb-margin-right-small:0px;--awb-margin-bottom-small:20px;--awb-margin-left-small:0px;--awb-sep-color:#595959;--awb-font-size:34px;\"><div class=\"title-sep-container title-sep-container-left\"><div class=\"title-sep sep-single sep-solid\" style=\"border-color:#595959;\"><\/div><\/div><span class=\"awb-title-spacer\"><\/span><h2 class=\"fusion-title-heading title-heading-center\" style=\"margin:0;font-size:1em;\">Nos atouts pour vous accompagner<\/h2><span class=\"awb-title-spacer\"><\/span><div class=\"title-sep-container title-sep-container-right\"><div class=\"title-sep sep-single sep-solid\" style=\"border-color:#595959;\"><\/div><\/div><\/div><div class=\"fusion-clearfix\"><\/div><\/div><\/div><\/div><\/div><div class=\"fusion-fullwidth fullwidth-box fusion-builder-row-3 nonhundred-percent-fullwidth non-hundred-percent-height-scrolling\" style=\"--awb-border-radius-top-left:0px;--awb-border-radius-top-right:0px;--awb-border-radius-bottom-right:0px;--awb-border-radius-bottom-left:0px;--awb-padding-right:15%;--awb-padding-left:15%;--awb-margin-top:-30px;--awb-flex-wrap:wrap;\" ><div class=\"fusion-builder-row fusion-row\"><div class=\"fusion-layout-column fusion_builder_column fusion-builder-column-3 fusion_builder_column_1_1 1_1 fusion-one-full fusion-column-first fusion-column-last\" style=\"--awb-bg-size:cover;--awb-margin-bottom:0px;\"><div class=\"fusion-column-wrapper fusion-column-has-shadow fusion-flex-column-wrapper-legacy\"><div class=\"fusion-flip-boxes flip-boxes row fusion-columns-4 flip-effect-classic equal-heights\" style=\"--awb-flip-duration:0.4s;\"><div class=\"fusion-flip-box-wrapper fusion-column col-lg-3 col-md-3 col-sm-3\"><div class=\"fusion-flip-box flip-right\" tabindex=\"0\"><div class=\"flip-box-inner-wrapper\"><div class=\"flip-box-front\" style=\"--awb-circle-color:#ff9800;--awb-circle-border-color:#ff9800;\"><div class=\"flip-box-front-inner\"><div class=\"flip-box-grafix flip-box-circle\"><i aria-hidden=\"true\" class=\"fa-diagnoses fas\"><\/i><\/div><h2 class=\"flip-box-heading without-text\">Analyses d\u00e8s r\u00e9ception<\/h2><\/div><\/div><div class=\"flip-box-back\" style=\"--awb-circle-color:#ff9800;--awb-circle-border-color:#ff9800;\"><div class=\"flip-box-back-inner\"><h3 class=\"flip-box-heading-back\">Analyses d\u00e8s r\u00e9ception<\/h3>\n<p>Vos \u00e9chantillons peuvent \u00eatre mis en analyse d\u00e8s r\u00e9ception au laboratoire.<\/p>\n<\/div><\/div><\/div><\/div><\/div><div class=\"fusion-flip-box-wrapper fusion-column col-lg-3 col-md-3 col-sm-3\"><div class=\"fusion-flip-box flip-right\" tabindex=\"0\"><div class=\"flip-box-inner-wrapper\"><div class=\"flip-box-front\" style=\"--awb-circle-color:#ff9800;--awb-circle-border-color:#ff9800;\"><div class=\"flip-box-front-inner\"><div class=\"flip-box-grafix flip-box-circle\"><i aria-hidden=\"true\" class=\"fa-crosshairs fas\"><\/i><\/div><h2 class=\"flip-box-heading without-text\">D\u00e9nombrement des levures\/moisissures en 3 jours<\/h2><\/div><\/div><div class=\"flip-box-back\" style=\"--awb-circle-color:#ff9800;--awb-circle-border-color:#ff9800;\"><div class=\"flip-box-back-inner\"><h3 class=\"flip-box-heading-back\">D\u00e9nombrement des levures et moisissures en 3 jours<\/h3>\n<p>R\u00e9duction de 5 \u00e0 3 jours d\u2019incubation selon les possibilit\u00e9s laiss\u00e9es par la norme NF ISO 16212, afin de vous garantir une transmission des r\u00e9sultats d\u2019analyses dans les meilleurs d\u00e9lais.<\/p>\n<\/div><\/div><\/div><\/div><\/div><div class=\"fusion-flip-box-wrapper fusion-column col-lg-3 col-md-3 col-sm-3\"><div class=\"fusion-flip-box flip-right\" tabindex=\"0\"><div class=\"flip-box-inner-wrapper\"><div class=\"flip-box-front\" style=\"--awb-circle-color:#ff9800;--awb-circle-border-color:#ff9800;\"><div class=\"flip-box-front-inner\"><div class=\"flip-box-grafix flip-box-circle\"><i aria-hidden=\"true\" class=\"fa-microscope fas\"><\/i><\/div><h2 class=\"flip-box-heading without-text\">Analyses sp\u00e9cifiques<\/h2><\/div><\/div><div class=\"flip-box-back\" style=\"--awb-circle-color:#ff9800;--awb-circle-border-color:#ff9800;\"><div class=\"flip-box-back-inner\"><h3 class=\"flip-box-heading-back\">Analyses sp\u00e9cifiques<\/h3>\n<p>Mise en place ou d\u00e9veloppement de protocoles \u00e0 fa\u00e7on, validation des m\u00e9thodes d\u2019analyses pour les matrices.<\/p>\n<\/div><\/div><\/div><\/div><\/div><div class=\"fusion-flip-box-wrapper fusion-column col-lg-3 col-md-3 col-sm-3\"><div class=\"fusion-flip-box flip-right\" tabindex=\"0\"><div class=\"flip-box-inner-wrapper\"><div class=\"flip-box-front\" style=\"--awb-circle-color:#ff9800;--awb-circle-border-color:#ff9800;\"><div class=\"flip-box-front-inner\"><div class=\"flip-box-grafix flip-box-circle\"><i aria-hidden=\"true\" class=\"fa-poll fas\"><\/i><\/div><h2 class=\"flip-box-heading without-text\">Consultation des r\u00e9sultats en temps r\u00e9el<\/h2><\/div><\/div><div class=\"flip-box-back\" style=\"--awb-circle-color:#ff9800;--awb-circle-border-color:#ff9800;\"><div class=\"flip-box-back-inner\"><h3 class=\"flip-box-heading-back\">Consultation des r\u00e9sultats en temps r\u00e9el<\/h3>\n<p>Acc\u00e8s personnalis\u00e9 et s\u00e9curis\u00e9 \u00e0 notre lim\u2019s pour la consultation et l\u2019extraction de vos r\u00e9sultats.<\/p>\n<\/div><\/div><\/div><\/div><\/div><\/div><div class=\"clearfix\"><\/div><div class=\"fusion-clearfix\"><\/div><\/div><\/div><\/div><\/div><div class=\"fusion-fullwidth fullwidth-box fusion-builder-row-4 nonhundred-percent-fullwidth non-hundred-percent-height-scrolling\" style=\"--awb-border-radius-top-left:0px;--awb-border-radius-top-right:0px;--awb-border-radius-bottom-right:0px;--awb-border-radius-bottom-left:0px;--awb-padding-top:20px;--awb-padding-right:15%;--awb-padding-left:15%;--awb-margin-top:30px;--awb-background-color:#00253c;--awb-flex-wrap:wrap;\" ><div class=\"fusion-builder-row fusion-row\"><div class=\"fusion-layout-column fusion_builder_column fusion-builder-column-4 fusion_builder_column_1_1 1_1 fusion-one-full fusion-column-first fusion-column-last\" style=\"--awb-padding-top:20px;--awb-padding-bottom:20px;--awb-bg-color:rgba(247,247,247,0);--awb-bg-color-hover:rgba(247,247,247,0);--awb-bg-size:cover;\"><div class=\"fusion-column-wrapper fusion-column-has-shadow fusion-flex-column-wrapper-legacy\"><div class=\"fusion-column-content-centered\"><div class=\"fusion-column-content\"><div class=\"fusion-title title fusion-title-4 fusion-title-center fusion-title-text fusion-title-size-two\" style=\"--awb-text-color:#ffffff;--awb-margin-top-small:0px;--awb-margin-right-small:0px;--awb-margin-bottom-small:20px;--awb-margin-left-small:0px;--awb-sep-color:#ffffff;--awb-font-size:34px;\"><div class=\"title-sep-container title-sep-container-left\"><div class=\"title-sep sep-single sep-solid\" style=\"border-color:#ffffff;\"><\/div><\/div><span class=\"awb-title-spacer\"><\/span><h2 class=\"fusion-title-heading title-heading-center\" style=\"margin:0;font-size:1em;\">Besoin d&rsquo;aide ?<\/h2><span class=\"awb-title-spacer\"><\/span><div class=\"title-sep-container title-sep-container-right\"><div class=\"title-sep sep-single sep-solid\" style=\"border-color:#ffffff;\"><\/div><\/div><\/div><div class=\"fusion-button-wrapper fusion-aligncenter\"><a class=\"fusion-button button-flat button-xlarge button-custom fusion-button-default button-2 fusion-button-default-span fusion-button-default-type\" style=\"--button_accent_color:#ffffff;--button_border_color:#ffffff;--button_accent_hover_color:#000000;--button_border_hover_color:#000000;--button_gradient_top_color:#ff9800;--button_gradient_bottom_color:#ff9800;--button_gradient_top_color_hover:#ffffff;--button_gradient_bottom_color_hover:#ffffff;--button_text_transform:none;\" target=\"_self\" href=\"https:\/\/laboratoire-microsept.fr\/index.php\/nous-contacter\/\"><span class=\"fusion-button-text awb-button__text awb-button__text--default\">Contactez-nous !<\/span><\/a><\/div><\/div><\/div><div class=\"fusion-clearfix\"><\/div><\/div><\/div><\/div><\/div><\/p>\n","protected":false},"excerpt":{"rendered":"","protected":false},"author":11,"featured_media":0,"parent":41,"menu_order":0,"comment_status":"closed","ping_status":"closed","template":"","meta":{"footnotes":""},"class_list":["post-12547","page","type-page","status-publish","hentry"],"_links":{"self":[{"href":"https:\/\/laboratoire-microsept.fr\/index.php\/wp-json\/wp\/v2\/pages\/12547","targetHints":{"allow":["GET"]}}],"collection":[{"href":"https:\/\/laboratoire-microsept.fr\/index.php\/wp-json\/wp\/v2\/pages"}],"about":[{"href":"https:\/\/laboratoire-microsept.fr\/index.php\/wp-json\/wp\/v2\/types\/page"}],"author":[{"embeddable":true,"href":"https:\/\/laboratoire-microsept.fr\/index.php\/wp-json\/wp\/v2\/users\/11"}],"replies":[{"embeddable":true,"href":"https:\/\/laboratoire-microsept.fr\/index.php\/wp-json\/wp\/v2\/comments?post=12547"}],"version-history":[{"count":0,"href":"https:\/\/laboratoire-microsept.fr\/index.php\/wp-json\/wp\/v2\/pages\/12547\/revisions"}],"up":[{"embeddable":true,"href":"https:\/\/laboratoire-microsept.fr\/index.php\/wp-json\/wp\/v2\/pages\/41"}],"wp:attachment":[{"href":"https:\/\/laboratoire-microsept.fr\/index.php\/wp-json\/wp\/v2\/media?parent=12547"}],"curies":[{"name":"wp","href":"https:\/\/api.w.org\/{rel}","templated":true}]}}