{"id":12523,"date":"2019-07-17T16:36:00","date_gmt":"2019-07-17T14:36:00","guid":{"rendered":"https:\/\/laboratoire-microsept.fr\/?page_id=12523"},"modified":"2020-01-15T15:15:03","modified_gmt":"2020-01-15T14:15:03","slug":"industriel","status":"publish","type":"page","link":"https:\/\/laboratoire-microsept.fr\/index.php\/industriel\/","title":{"rendered":"Secteur Activit\u00e9 industrie"},"content":{"rendered":"<div class=\"fusion-fullwidth fullwidth-box fusion-builder-row-1 nonhundred-percent-fullwidth non-hundred-percent-height-scrolling fusion-equal-height-columns\" style=\"--awb-border-radius-top-left:0px;--awb-border-radius-top-right:0px;--awb-border-radius-bottom-right:0px;--awb-border-radius-bottom-left:0px;--awb-padding-right:15%;--awb-padding-left:15%;--awb-flex-wrap:wrap;\" ><div class=\"fusion-builder-row fusion-row\"><div class=\"fusion-layout-column fusion_builder_column fusion-builder-column-0 fusion_builder_column_1_3 1_3 fusion-one-third fusion-column-first fusion-column-inner-bg-wrapper\" style=\"--awb-padding-top:80px;--awb-padding-right:30px;--awb-padding-bottom:80px;--awb-padding-left:30px;--awb-inner-bg-image:url(&#039;https:\/\/laboratoire-microsept.fr\/wp-content\/uploads\/2019\/07\/personnel-usines.jpg&#039;);--awb-inner-bg-position:center center;--awb-inner-bg-size:cover;width:33.333333333333%;width:calc(33.333333333333% - ( ( 2% + 2% ) * 0.33333333333333 ) );margin-right: 2%;\"><span class=\"fusion-column-inner-bg hover-type-zoomout\"><a class=\"fusion-column-anchor\" href=\"https:\/\/laboratoire-microsept.fr\/index.php\/secteur-activite-alimentaire\/\"><span class=\"fusion-column-inner-bg-image\"><\/span><\/a><\/span><div class=\"fusion-column-wrapper fusion-column-has-shadow fusion-flex-column-wrapper-legacy fusion-column-has-bg-image\" data-bg-url=\"https:\/\/laboratoire-microsept.fr\/wp-content\/uploads\/2019\/07\/personnel-usines.jpg\"><div class=\"fusion-column-content-centered\"><div class=\"fusion-column-content\"><div class=\"fusion-button-wrapper fusion-aligncenter\"><a class=\"fusion-button button-flat button-xlarge button-custom fusion-button-default button-1 fusion-button-span-no fusion-button-default-type\" style=\"--button_accent_color:#020202;--button_accent_hover_color:#000000;--button_border_hover_color:#000000;--button_border_width-top:0;--button_border_width-right:0;--button_border_width-bottom:0;--button_border_width-left:0;--button_gradient_top_color:#ffffff;--button_gradient_bottom_color:#ffffff;--button_gradient_top_color_hover:#ff9800;--button_gradient_bottom_color_hover:#ff9800;--button_text_transform:none;\" target=\"_self\" href=\"https:\/\/laboratoire-microsept.fr\/index.php\/secteur-activite-alimentaire\/\"><span class=\"fusion-button-text awb-button__text awb-button__text--default\">Alimentaires et di\u00e9t\u00e9tiques<\/span><\/a><\/div><\/div><\/div><div class=\"fusion-clearfix\"><\/div><\/div><\/div><div class=\"fusion-layout-column fusion_builder_column fusion-builder-column-1 fusion_builder_column_1_3 1_3 fusion-one-third fusion-column-inner-bg-wrapper\" style=\"--awb-padding-top:80px;--awb-padding-right:30px;--awb-padding-bottom:80px;--awb-padding-left:30px;--awb-inner-bg-image:url(&#039;https:\/\/laboratoire-microsept.fr\/wp-content\/uploads\/2019\/08\/metieres-premiere-vegetales.jpg&#039;);--awb-inner-bg-position:center center;--awb-inner-bg-size:cover;width:33.333333333333%;width:calc(33.333333333333% - ( ( 2% + 2% ) * 0.33333333333333 ) );margin-right: 2%;\"><span class=\"fusion-column-inner-bg hover-type-zoomout\"><a class=\"fusion-column-anchor\" href=\"https:\/\/laboratoire-microsept.fr\/index.php\/secteur-activite-matieres-premieres-vegetales\/\"><span class=\"fusion-column-inner-bg-image\"><\/span><\/a><\/span><div class=\"fusion-column-wrapper fusion-column-has-shadow fusion-flex-column-wrapper-legacy fusion-column-has-bg-image\" data-bg-url=\"https:\/\/laboratoire-microsept.fr\/wp-content\/uploads\/2019\/08\/metieres-premiere-vegetales.jpg\"><div class=\"fusion-column-content-centered\"><div class=\"fusion-column-content\"><div class=\"fusion-button-wrapper fusion-aligncenter\"><a class=\"fusion-button button-flat button-xlarge button-custom fusion-button-default button-2 fusion-button-span-no fusion-button-default-type\" style=\"--button_accent_color:#020202;--button_accent_hover_color:#000000;--button_border_hover_color:#000000;--button_border_width-top:0;--button_border_width-right:0;--button_border_width-bottom:0;--button_border_width-left:0;--button_gradient_top_color:#ffffff;--button_gradient_bottom_color:#ffffff;--button_gradient_top_color_hover:#ff9800;--button_gradient_bottom_color_hover:#ff9800;--button_text_transform:none;\" target=\"_self\" href=\"https:\/\/laboratoire-microsept.fr\/index.php\/secteur-activite-alimentaire\/\"><span class=\"fusion-button-text awb-button__text awb-button__text--default\">Mati\u00e8res premi\u00e8res v\u00e9g\u00e9tales<\/span><\/a><\/div><\/div><\/div><div class=\"fusion-clearfix\"><\/div><\/div><\/div><div class=\"fusion-layout-column fusion_builder_column fusion-builder-column-2 fusion_builder_column_1_3 1_3 fusion-one-third fusion-column-last fusion-column-inner-bg-wrapper\" style=\"--awb-padding-top:80px;--awb-padding-right:30px;--awb-padding-bottom:80px;--awb-padding-left:30px;--awb-inner-bg-image:url(&#039;https:\/\/laboratoire-microsept.fr\/wp-content\/uploads\/2019\/07\/analyse-eau.jpg&#039;);--awb-inner-bg-position:center center;--awb-inner-bg-size:cover;width:33.333333333333%;width:calc(33.333333333333% - ( ( 2% + 2% ) * 0.33333333333333 ) );\"><span class=\"fusion-column-inner-bg hover-type-zoomout\"><a class=\"fusion-column-anchor\" href=\"https:\/\/laboratoire-microsept.fr\/index.php\/secteur-activite-eau\/\"><span class=\"fusion-column-inner-bg-image\"><\/span><\/a><\/span><div class=\"fusion-column-wrapper fusion-column-has-shadow fusion-flex-column-wrapper-legacy fusion-column-has-bg-image\" data-bg-url=\"https:\/\/laboratoire-microsept.fr\/wp-content\/uploads\/2019\/07\/analyse-eau.jpg\"><div class=\"fusion-column-content-centered\"><div class=\"fusion-column-content\"><div class=\"fusion-button-wrapper fusion-aligncenter\"><a class=\"fusion-button button-flat button-xlarge button-custom fusion-button-default button-3 fusion-button-span-no fusion-button-default-type\" style=\"--button_accent_color:#020202;--button_accent_hover_color:#000000;--button_border_hover_color:#000000;--button_border_width-top:0;--button_border_width-right:0;--button_border_width-bottom:0;--button_border_width-left:0;--button_gradient_top_color:#ffffff;--button_gradient_bottom_color:#ffffff;--button_gradient_top_color_hover:#ff9800;--button_gradient_bottom_color_hover:#ff9800;--button_text_transform:none;\" target=\"_self\" href=\"https:\/\/laboratoire-microsept.fr\/index.php\/secteur-activite-cosmetique\/\"><span class=\"fusion-button-text awb-button__text awb-button__text--default\">Eaux<\/span><\/a><\/div><\/div><\/div><div class=\"fusion-clearfix\"><\/div><\/div><\/div><div class=\"fusion-layout-column fusion_builder_column fusion-builder-column-3 fusion_builder_column_1_2 1_2 fusion-one-half fusion-column-first fusion-column-inner-bg-wrapper\" style=\"--awb-padding-top:80px;--awb-padding-right:30px;--awb-padding-bottom:80px;--awb-padding-left:30px;--awb-inner-bg-image:url(&#039;https:\/\/laboratoire-microsept.fr\/wp-content\/uploads\/2019\/07\/analyse4.jpg&#039;);--awb-inner-bg-position:center center;--awb-inner-bg-size:cover;width:50%;width:calc(50% - ( ( 2% ) * 0.5 ) );margin-right: 2%;\"><span class=\"fusion-column-inner-bg hover-type-zoomout\"><a class=\"fusion-column-anchor\" href=\"https:\/\/laboratoire-microsept.fr\/index.php\/secteur-activite-cosmetique\/\"><span class=\"fusion-column-inner-bg-image\"><\/span><\/a><\/span><div class=\"fusion-column-wrapper fusion-column-has-shadow fusion-flex-column-wrapper-legacy fusion-column-has-bg-image\" data-bg-url=\"https:\/\/laboratoire-microsept.fr\/wp-content\/uploads\/2019\/07\/analyse4.jpg\"><div class=\"fusion-column-content-centered\"><div class=\"fusion-column-content\"><div class=\"fusion-button-wrapper fusion-aligncenter\"><a class=\"fusion-button button-flat button-xlarge button-custom fusion-button-default button-4 fusion-button-span-no fusion-button-default-type\" style=\"--button_accent_color:#020202;--button_accent_hover_color:#000000;--button_border_hover_color:#000000;--button_border_width-top:0;--button_border_width-right:0;--button_border_width-bottom:0;--button_border_width-left:0;--button_gradient_top_color:#ffffff;--button_gradient_bottom_color:#ffffff;--button_gradient_top_color_hover:#ff9800;--button_gradient_bottom_color_hover:#ff9800;--button_text_transform:none;\" target=\"_self\" href=\"https:\/\/laboratoire-microsept.fr\/index.php\/secteur-activite-cosmetique\/\"><span class=\"fusion-button-text awb-button__text awb-button__text--default\">Cosm\u00e9tiques<\/span><\/a><\/div><\/div><\/div><div class=\"fusion-clearfix\"><\/div><\/div><\/div><div class=\"fusion-layout-column fusion_builder_column fusion-builder-column-4 fusion_builder_column_1_2 1_2 fusion-one-half fusion-column-last fusion-column-inner-bg-wrapper\" style=\"--awb-padding-top:80px;--awb-padding-right:30px;--awb-padding-bottom:80px;--awb-padding-left:30px;--awb-inner-bg-image:url(&#039;https:\/\/laboratoire-microsept.fr\/wp-content\/uploads\/2019\/08\/pharmacie.jpg&#039;);--awb-inner-bg-position:center center;--awb-inner-bg-size:cover;width:50%;width:calc(50% - ( ( 2% ) * 0.5 ) );\"><span class=\"fusion-column-inner-bg hover-type-zoomout\"><a class=\"fusion-column-anchor\" href=\"https:\/\/laboratoire-microsept.fr\/index.php\/secteur-activite-pharmacopee-europeenne\/\"><span class=\"fusion-column-inner-bg-image\"><\/span><\/a><\/span><div class=\"fusion-column-wrapper fusion-column-has-shadow fusion-flex-column-wrapper-legacy fusion-column-has-bg-image\" data-bg-url=\"https:\/\/laboratoire-microsept.fr\/wp-content\/uploads\/2019\/08\/pharmacie.jpg\"><div class=\"fusion-column-content-centered\"><div class=\"fusion-column-content\"><div class=\"fusion-button-wrapper fusion-aligncenter\"><a class=\"fusion-button button-flat button-xlarge button-custom fusion-button-default button-5 fusion-button-span-no fusion-button-default-type\" style=\"--button_accent_color:#020202;--button_accent_hover_color:#000000;--button_border_hover_color:#000000;--button_border_width-top:0;--button_border_width-right:0;--button_border_width-bottom:0;--button_border_width-left:0;--button_gradient_top_color:#ffffff;--button_gradient_bottom_color:#ffffff;--button_gradient_top_color_hover:#ff9800;--button_gradient_bottom_color_hover:#ff9800;--button_text_transform:none;\" target=\"_self\" href=\"https:\/\/laboratoire-microsept.fr\/index.php\/secteur-activite-cosmetique\/\"><span class=\"fusion-button-text awb-button__text awb-button__text--default\">Pharmacop\u00e9e Europ\u00e9enne<\/span><\/a><\/div><\/div><\/div><div class=\"fusion-clearfix\"><\/div><\/div><\/div><\/div><\/div>\n","protected":false},"excerpt":{"rendered":"","protected":false},"author":11,"featured_media":0,"parent":0,"menu_order":0,"comment_status":"closed","ping_status":"closed","template":"","meta":{"footnotes":""},"class_list":["post-12523","page","type-page","status-publish","hentry"],"_links":{"self":[{"href":"https:\/\/laboratoire-microsept.fr\/index.php\/wp-json\/wp\/v2\/pages\/12523","targetHints":{"allow":["GET"]}}],"collection":[{"href":"https:\/\/laboratoire-microsept.fr\/index.php\/wp-json\/wp\/v2\/pages"}],"about":[{"href":"https:\/\/laboratoire-microsept.fr\/index.php\/wp-json\/wp\/v2\/types\/page"}],"author":[{"embeddable":true,"href":"https:\/\/laboratoire-microsept.fr\/index.php\/wp-json\/wp\/v2\/users\/11"}],"replies":[{"embeddable":true,"href":"https:\/\/laboratoire-microsept.fr\/index.php\/wp-json\/wp\/v2\/comments?post=12523"}],"version-history":[{"count":0,"href":"https:\/\/laboratoire-microsept.fr\/index.php\/wp-json\/wp\/v2\/pages\/12523\/revisions"}],"wp:attachment":[{"href":"https:\/\/laboratoire-microsept.fr\/index.php\/wp-json\/wp\/v2\/media?parent=12523"}],"curies":[{"name":"wp","href":"https:\/\/api.w.org\/{rel}","templated":true}]}}